{"id":5203,"date":"2023-06-06T07:18:00","date_gmt":"2023-06-06T07:18:00","guid":{"rendered":"http:\/\/assovil.com\/estudis-de-geobiologia\/"},"modified":"2023-06-07T08:42:52","modified_gmt":"2023-06-07T08:42:52","slug":"estudis-de-geobiologia","status":"publish","type":"page","link":"http:\/\/assovil.com\/es\/estudis-de-geobiologia\/","title":{"rendered":"Estudios de geobiolog\u00eda"},"content":{"rendered":"[vc_row type=\u00bbin_container\u00bb full_screen_row_position=\u00bbmiddle\u00bb column_margin=\u00bbdefault\u00bb equal_height=\u00bbyes\u00bb content_placement=\u00bbtop\u00bb column_direction=\u00bbdefault\u00bb column_direction_tablet=\u00bbdefault\u00bb column_direction_phone=\u00bbdefault\u00bb scene_position=\u00bbcenter\u00bb top_padding=\u00bb50&#8243; constrain_group_1=\u00bbyes\u00bb bottom_padding=\u00bb50&#8243; text_color=\u00bbdark\u00bb text_align=\u00bbleft\u00bb row_border_radius=\u00bbnone\u00bb row_border_radius_applies=\u00bbbg\u00bb overflow=\u00bbvisible\u00bb overlay_strength=\u00bb0.3&#8243; gradient_direction=\u00bbleft_to_right\u00bb shape_divider_position=\u00bbbottom\u00bb bg_image_animation=\u00bbnone\u00bb gradient_type=\u00bbdefault\u00bb shape_type=\u00bb\u00bb][vc_column column_padding=\u00bbpadding-2-percent\u00bb column_padding_tablet=\u00bbinherit\u00bb column_padding_phone=\u00bbinherit\u00bb column_padding_position=\u00bball\u00bb column_element_direction_desktop=\u00bbdefault\u00bb column_element_spacing=\u00bbdefault\u00bb desktop_text_alignment=\u00bbdefault\u00bb tablet_text_alignment=\u00bbdefault\u00bb phone_text_alignment=\u00bbdefault\u00bb background_color=\u00bbrgba(10,10,10,0.05)\u00bb background_color_opacity=\u00bb1&#8243; background_hover_color_opacity=\u00bb1&#8243; column_backdrop_filter=\u00bbnone\u00bb column_shadow=\u00bbnone\u00bb column_border_radius=\u00bb5px\u00bb column_link_target=\u00bb_self\u00bb column_position=\u00bbdefault\u00bb gradient_direction=\u00bbleft_to_right\u00bb overlay_strength=\u00bb0.3&#8243; width=\u00bb1\/3&#8243; tablet_width_inherit=\u00bbdefault\u00bb animation_type=\u00bbdefault\u00bb bg_image_animation=\u00bbnone\u00bb border_type=\u00bbsimple\u00bb column_border_width=\u00bbnone\u00bb column_border_style=\u00bbsolid\u00bb column_padding_type=\u00bbdefault\u00bb gradient_type=\u00bbdefault\u00bb][vc_column_text]\n<h2>Estudio Geobiol\u00f3gico en l\u00ednea<\/h2>\n<p><strong>A qui\u00e9n est\u00e1 destinado este estudio:<\/strong><\/p>\n<p>Antes de comprar un piso, casa, solar o finca, es el mejor momento para saber qu\u00e9 calidad bi\u00f3tica tiene el terreno y as\u00ed poder valorar o ayudarles a decidir la opci\u00f3n de compra o alquiler.<\/p>\n<p>O si ya disponemos de vivienda o lugar de trabajo, comprobar las estancias o zonas donde pasamos m\u00e1s tiempo, que tengan una correcta distribuci\u00f3n, orientaci\u00f3n y est\u00e9n libres de geopat\u00edas.<\/p>\n<p><strong>En qu\u00e9 consiste el estudio:<\/strong><\/p>\n<p>Detectar las posibles corrientes de agua y diferentes corrientes magn\u00e9ticas de un piso, casa, finca o solar, as\u00ed como las posibles geopat\u00edas y sus implicaciones.<\/p>\n<p>Se realiza a distancia mediante la imagen del lugar, y en caso de ser posible, se enviar\u00e1n por correo electr\u00f3nico las im\u00e1genes, la direcci\u00f3n donde se debe realizar el estudio y, si es posible, las coordenadas, el nombre y tel\u00e9fono de la persona interesada para poder realizar una correcta prospecci\u00f3n.<\/p>\n<p>De esta manera, podemos evitar los costos del desplazamiento, ya sea porque el lugar a prospectar es lejano y solo queremos tener una primera valoraci\u00f3n, y conocer posibles alteraciones encontradas.<\/p>\n<p><strong>\u00bfC\u00f3mo se abonar\u00e1 el importe?<\/strong><\/p>\n<p>El importe del estudio es de 145 EUR.<\/p>\n<p>Antes de realizar el estudio, a trav\u00e9s de PayPal \/ transferencia bancaria a la cuenta de BBVA n\u00ba ES3801828177140201614191.<\/p>\n<p>Especificando el tipo de estudio elegido, su nombre y apellidos, y la direcci\u00f3n del estudio.[\/vc_column_text][\/vc_column][vc_column column_padding=\u00bbpadding-2-percent\u00bb column_padding_tablet=\u00bbinherit\u00bb column_padding_phone=\u00bbinherit\u00bb column_padding_position=\u00bball\u00bb column_element_direction_desktop=\u00bbdefault\u00bb column_element_spacing=\u00bbdefault\u00bb desktop_text_alignment=\u00bbdefault\u00bb tablet_text_alignment=\u00bbdefault\u00bb phone_text_alignment=\u00bbdefault\u00bb background_color=\u00bbrgba(0,0,0,0.05)\u00bb background_color_opacity=\u00bb1&#8243; background_hover_color_opacity=\u00bb1&#8243; column_backdrop_filter=\u00bbnone\u00bb column_shadow=\u00bbnone\u00bb column_border_radius=\u00bb5px\u00bb column_link_target=\u00bb_self\u00bb column_position=\u00bbdefault\u00bb gradient_direction=\u00bbleft_to_right\u00bb overlay_strength=\u00bb0.3&#8243; width=\u00bb1\/3&#8243; tablet_width_inherit=\u00bbdefault\u00bb animation_type=\u00bbdefault\u00bb bg_image_animation=\u00bbnone\u00bb border_type=\u00bbsimple\u00bb column_border_width=\u00bbnone\u00bb column_border_style=\u00bbsolid\u00bb column_padding_type=\u00bbdefault\u00bb gradient_type=\u00bbdefault\u00bb][vc_column_text]\n<h2>Estudio Geobiol\u00f3gico completo en l\u00ednea<\/h2>\n<p><strong>A qui\u00e9n est\u00e1 destinado este estudio:<\/strong><\/p>\n<p>Antes de comprar un piso, casa, solar o finca, es el mejor momento para saber qu\u00e9 calidad bi\u00f3tica tiene el terreno y as\u00ed poder valorar o ayudarles a decidir la opci\u00f3n de compra o alquiler.<\/p>\n<p>O si ya disponemos de vivienda o lugar de trabajo, comprobar las estancias o zonas donde pasamos m\u00e1s tiempo, que tengan una correcta distribuci\u00f3n, orientaci\u00f3n y est\u00e9n libres de geopat\u00edas.<\/p>\n<p><strong>En qu\u00e9 consiste el estudio:<\/strong><\/p>\n<p>Detectar las posibles corrientes de agua y diferentes corrientes magn\u00e9ticas de un piso, casa, finca o solar, as\u00ed como las posibles geopat\u00edas y sus implicaciones.<\/p>\n<p>Se realiza a distancia mediante la imagen del lugar, y en caso de ser posible, se enviar\u00e1n por correo electr\u00f3nico las im\u00e1genes, la direcci\u00f3n donde se debe realizar el estudio y, si es posible, las coordenadas, el nombre y tel\u00e9fono de la persona interesada para poder realizar una correcta prospecci\u00f3n.<\/p>\n<p>Una vez realizado el estudio, se enviar\u00e1n por correo electr\u00f3nico las im\u00e1genes y los documentos de las posibles alteraciones encontradas, junto con las correspondientes explicaciones.<\/p>\n<p>De esta manera, podemos evitar los costos del desplazamiento, ya sea porque el lugar a prospectar es lejano. Una vez realizado el estudio, se enviar\u00e1n por correo electr\u00f3nico las im\u00e1genes y los documentos con las posibles alteraciones encontradas y las correspondientes explicaciones.<\/p>\n<p><strong>\u00bfC\u00f3mo se abonar\u00e1 el importe?<\/strong><\/p>\n<p>El importe del estudio es de 228 EUR.<\/p>\n<p>Antes de realizar el estudio, a trav\u00e9s de PayPal \/ transferencia bancaria a la cuenta de BBVA n\u00ba ES3801828177140201614191.<\/p>\n<p>Especificando el tipo de estudio elegido, su nombre y apellidos, y la direcci\u00f3n del estudio.[\/vc_column_text][\/vc_column][vc_column column_padding=\u00bbpadding-2-percent\u00bb column_padding_tablet=\u00bbinherit\u00bb column_padding_phone=\u00bbinherit\u00bb column_padding_position=\u00bball\u00bb column_element_direction_desktop=\u00bbdefault\u00bb column_element_spacing=\u00bbdefault\u00bb desktop_text_alignment=\u00bbdefault\u00bb tablet_text_alignment=\u00bbdefault\u00bb phone_text_alignment=\u00bbdefault\u00bb background_color=\u00bbrgba(0,0,0,0.05)\u00bb background_color_opacity=\u00bb1&#8243; background_hover_color_opacity=\u00bb1&#8243; column_backdrop_filter=\u00bbnone\u00bb column_shadow=\u00bbnone\u00bb column_border_radius=\u00bb5px\u00bb column_link_target=\u00bb_self\u00bb column_position=\u00bbdefault\u00bb gradient_direction=\u00bbleft_to_right\u00bb overlay_strength=\u00bb0.3&#8243; width=\u00bb1\/3&#8243; tablet_width_inherit=\u00bbdefault\u00bb animation_type=\u00bbdefault\u00bb bg_image_animation=\u00bbnone\u00bb border_type=\u00bbsimple\u00bb column_border_width=\u00bbnone\u00bb column_border_style=\u00bbsolid\u00bb column_padding_type=\u00bbdefault\u00bb gradient_type=\u00bbdefault\u00bb][vc_column_text]\n<h2>Estudio completo de Geobiolog\u00eda presencial<\/h2>\n<p><strong>A qui\u00e9n est\u00e1 destinado este estudio:<\/strong><\/p>\n<p>Antes de comprar un piso, casa, solar o finca, es el mejor momento para saber qu\u00e9 calidad bi\u00f3tica tiene el terreno y as\u00ed poder valorar o ayudarles a decidir la opci\u00f3n de compra o alquiler.<\/p>\n<p>O si ya disponemos de vivienda o lugar de trabajo, comprobar las estancias o zonas donde pasamos m\u00e1s tiempo, que tengan una correcta distribuci\u00f3n, orientaci\u00f3n y est\u00e9n libres de geopat\u00edas.<\/p>\n<p><strong>En qu\u00e9 consiste el estudio:<\/strong><\/p>\n<p>Detectar las posibles corrientes de agua y diferentes corrientes magn\u00e9ticas de un piso, casa, finca o solar, as\u00ed como las posibles geopat\u00edas y sus implicaciones.<\/p>\n<p>En caso de ser posible, se enviar\u00e1n por correo electr\u00f3nico las im\u00e1genes, la direcci\u00f3n donde se debe realizar el estudio y, si es posible, las coordenadas, el nombre y tel\u00e9fono de la persona interesada, un documento a escala de la zona a prospectar, y el mismo d\u00eda de la visita, una fotocopia del plano del piso, casa o terreno para poder realizar una correcta prospecci\u00f3n.<\/p>\n<p>Una vez realizado el estudio, se enviar\u00e1n por correo electr\u00f3nico las im\u00e1genes y los documentos de las posibles alteraciones encontradas, junto con las correspondientes explicaciones encontradas el d\u00eda de la visita.<\/p>\n<p><strong>\u00bfC\u00f3mo se abonar\u00e1 el importe?<\/strong><\/p>\n<p>El importe del estudio es de 280 EUR. Para desplazamientos superiores a 10 km se cobrar\u00e1 un suplemento.<\/p>\n<p>Antes de realizar el estudio, a trav\u00e9s de PayPal \/ transferencia bancaria a la cuenta de BBVA n\u00ba ES3801828177140201614191.<\/p>\n<p>Especificando el tipo de estudio elegido, su nombre y apellidos, y la direcci\u00f3n del estudio.[\/vc_column_text][\/vc_column][\/vc_row][vc_row type=\u00bbfull_width_background\u00bb full_screen_row_position=\u00bbmiddle\u00bb column_margin=\u00bbdefault\u00bb column_direction=\u00bbdefault\u00bb column_direction_tablet=\u00bbdefault\u00bb column_direction_phone=\u00bbdefault\u00bb bg_color=\u00bb#fccc04&#8243; scene_position=\u00bbcenter\u00bb top_padding=\u00bb50&#8243; constrain_group_1=\u00bbyes\u00bb bottom_padding=\u00bb50&#8243; text_color=\u00bbdark\u00bb text_align=\u00bbleft\u00bb row_border_radius=\u00bbnone\u00bb row_border_radius_applies=\u00bbbg\u00bb overflow=\u00bbvisible\u00bb overlay_strength=\u00bb0.3&#8243; gradient_direction=\u00bbleft_to_right\u00bb shape_divider_position=\u00bbbottom\u00bb bg_image_animation=\u00bbnone\u00bb gradient_type=\u00bbdefault\u00bb shape_type=\u00bb\u00bb][vc_column column_padding=\u00bbno-extra-padding\u00bb column_padding_tablet=\u00bbinherit\u00bb column_padding_phone=\u00bbinherit\u00bb column_padding_position=\u00bball\u00bb column_element_direction_desktop=\u00bbdefault\u00bb column_element_spacing=\u00bbdefault\u00bb centered_text=\u00bbtrue\u00bb desktop_text_alignment=\u00bbdefault\u00bb tablet_text_alignment=\u00bbdefault\u00bb phone_text_alignment=\u00bbdefault\u00bb background_color_opacity=\u00bb1&#8243; background_hover_color_opacity=\u00bb1&#8243; column_backdrop_filter=\u00bbnone\u00bb column_shadow=\u00bbnone\u00bb column_border_radius=\u00bbnone\u00bb column_link_target=\u00bb_self\u00bb column_position=\u00bbdefault\u00bb gradient_direction=\u00bbleft_to_right\u00bb overlay_strength=\u00bb0.3&#8243; width=\u00bb1\/1&#8243; tablet_width_inherit=\u00bbdefault\u00bb animation_type=\u00bbdefault\u00bb bg_image_animation=\u00bbnone\u00bb border_type=\u00bbsimple\u00bb column_border_width=\u00bbnone\u00bb column_border_style=\u00bbsolid\u00bb column_padding_type=\u00bbdefault\u00bb gradient_type=\u00bbdefault\u00bb][split_line_heading animation_type=\u00bbline-reveal-by-space\u00bb font_style=\u00bbh3&#8243; text_color=\u00bb#363032&#8243; line_reveal_by_space_text_effect=\u00bbdefault\u00bb content_alignment=\u00bbdefault\u00bb mobile_content_alignment=\u00bbinherit\u00bb link_target=\u00bb_self\u00bb text_content=\u00bbSI TIENES ALGUNA DUDA O QUIERES M\u00c1S INFORMACI\u00d3N\u00bb][\/split_line_heading][divider line_type=\u00bbNo Line\u00bb][nectar_btn size=\u00bbjumbo\u00bb open_new_tab=\u00bbtrue\u00bb button_style=\u00bbsee-through-2&#8243; hover_color_override=\u00bb#363032&#8243; hover_text_color_override=\u00bb#ffffff\u00bb icon_family=\u00bbnone\u00bb text=\u00bb\u00a1Cont\u00e1ctanos!\u00bb url=\u00bbhttp:\/\/assovil.com\/es\/contacte\/\u00bb][\/vc_column][\/vc_row]\n","protected":false},"excerpt":{"rendered":"<p>[vc_row type=\u00bbin_container\u00bb full_screen_row_position=\u00bbmiddle\u00bb column_margin=\u00bbdefault\u00bb equal_height=\u00bbyes\u00bb content_placement=\u00bbtop\u00bb column_direction=\u00bbdefault\u00bb column_direction_tablet=\u00bbdefault\u00bb column_direction_phone=\u00bbdefault\u00bb scene_position=\u00bbcenter\u00bb top_padding=\u00bb50&#8243; constrain_group_1=\u00bbyes\u00bb bottom_padding=\u00bb50&#8243; text_color=\u00bbdark\u00bb text_align=\u00bbleft\u00bb row_border_radius=\u00bbnone\u00bb row_border_radius_applies=\u00bbbg\u00bb overflow=\u00bbvisible\u00bb overlay_strength=\u00bb0.3&#8243; gradient_direction=\u00bbleft_to_right\u00bb shape_divider_position=\u00bbbottom\u00bb bg_image_animation=\u00bbnone\u00bb gradient_type=\u00bbdefault\u00bb shape_type=\u00bb\u00bb][vc_column column_padding=\u00bbpadding-2-percent\u00bb column_padding_tablet=\u00bbinherit\u00bb column_padding_phone=\u00bbinherit\u00bb column_padding_position=\u00bball\u00bb column_element_direction_desktop=\u00bbdefault\u00bb column_element_spacing=\u00bbdefault\u00bb&#8230;<\/p>\n","protected":false},"author":1,"featured_media":0,"parent":0,"menu_order":0,"comment_status":"closed","ping_status":"closed","template":"","meta":{"footnotes":""},"class_list":["post-5203","page","type-page","status-publish"],"yoast_head":"<!-- This site is optimized with the Yoast SEO plugin v20.8 - https:\/\/yoast.com\/wordpress\/plugins\/seo\/ -->\n<title>Estudios de geobiolog\u00eda - Assovil<\/title>\n<meta name=\"robots\" content=\"index, follow, max-snippet:-1, max-image-preview:large, max-video-preview:-1\" \/>\n<link rel=\"canonical\" href=\"http:\/\/assovil.com\/es\/estudis-de-geobiologia\/\" \/>\n<meta property=\"og:locale\" content=\"es_ES\" \/>\n<meta property=\"og:type\" content=\"article\" \/>\n<meta property=\"og:title\" content=\"Estudios de geobiolog\u00eda - Assovil\" \/>\n<meta property=\"og:description\" content=\"[vc_row type=\u00bbin_container\u00bb full_screen_row_position=\u00bbmiddle\u00bb column_margin=\u00bbdefault\u00bb equal_height=\u00bbyes\u00bb content_placement=\u00bbtop\u00bb column_direction=\u00bbdefault\u00bb column_direction_tablet=\u00bbdefault\u00bb column_direction_phone=\u00bbdefault\u00bb scene_position=\u00bbcenter\u00bb top_padding=\u00bb50&#8243; constrain_group_1=\u00bbyes\u00bb bottom_padding=\u00bb50&#8243; text_color=\u00bbdark\u00bb text_align=\u00bbleft\u00bb row_border_radius=\u00bbnone\u00bb row_border_radius_applies=\u00bbbg\u00bb overflow=\u00bbvisible\u00bb overlay_strength=\u00bb0.3&#8243; gradient_direction=\u00bbleft_to_right\u00bb shape_divider_position=\u00bbbottom\u00bb bg_image_animation=\u00bbnone\u00bb gradient_type=\u00bbdefault\u00bb shape_type=\u00bb\u00bb][vc_column column_padding=\u00bbpadding-2-percent\u00bb column_padding_tablet=\u00bbinherit\u00bb column_padding_phone=\u00bbinherit\u00bb column_padding_position=\u00bball\u00bb column_element_direction_desktop=\u00bbdefault\u00bb column_element_spacing=\u00bbdefault\u00bb...\" \/>\n<meta property=\"og:url\" content=\"http:\/\/assovil.com\/es\/estudis-de-geobiologia\/\" \/>\n<meta property=\"og:site_name\" content=\"Assovil\" \/>\n<meta property=\"article:modified_time\" content=\"2023-06-07T08:42:52+00:00\" \/>\n<meta name=\"twitter:card\" content=\"summary_large_image\" \/>\n<meta name=\"twitter:label1\" content=\"Tiempo de lectura\" \/>\n\t<meta name=\"twitter:data1\" content=\"5 minutos\" \/>\n<script type=\"application\/ld+json\" class=\"yoast-schema-graph\">{\"@context\":\"https:\/\/schema.org\",\"@graph\":[{\"@type\":\"WebPage\",\"@id\":\"http:\/\/assovil.com\/es\/estudis-de-geobiologia\/\",\"url\":\"http:\/\/assovil.com\/es\/estudis-de-geobiologia\/\",\"name\":\"Estudios de geobiolog\u00eda - Assovil\",\"isPartOf\":{\"@id\":\"https:\/\/assovil.com\/#website\"},\"datePublished\":\"2023-06-06T07:18:00+00:00\",\"dateModified\":\"2023-06-07T08:42:52+00:00\",\"breadcrumb\":{\"@id\":\"http:\/\/assovil.com\/es\/estudis-de-geobiologia\/#breadcrumb\"},\"inLanguage\":\"es\",\"potentialAction\":[{\"@type\":\"ReadAction\",\"target\":[\"http:\/\/assovil.com\/es\/estudis-de-geobiologia\/\"]}]},{\"@type\":\"BreadcrumbList\",\"@id\":\"http:\/\/assovil.com\/es\/estudis-de-geobiologia\/#breadcrumb\",\"itemListElement\":[{\"@type\":\"ListItem\",\"position\":1,\"name\":\"Portada\",\"item\":\"http:\/\/assovil.com\/es\/\"},{\"@type\":\"ListItem\",\"position\":2,\"name\":\"Estudios de geobiolog\u00eda\"}]},{\"@type\":\"WebSite\",\"@id\":\"https:\/\/assovil.com\/#website\",\"url\":\"https:\/\/assovil.com\/\",\"name\":\"Assovil\",\"description\":\"\",\"potentialAction\":[{\"@type\":\"SearchAction\",\"target\":{\"@type\":\"EntryPoint\",\"urlTemplate\":\"https:\/\/assovil.com\/?s={search_term_string}\"},\"query-input\":\"required name=search_term_string\"}],\"inLanguage\":\"es\"}]}<\/script>\n<!-- \/ Yoast SEO plugin. -->","yoast_head_json":{"title":"Estudios de geobiolog\u00eda - Assovil","robots":{"index":"index","follow":"follow","max-snippet":"max-snippet:-1","max-image-preview":"max-image-preview:large","max-video-preview":"max-video-preview:-1"},"canonical":"http:\/\/assovil.com\/es\/estudis-de-geobiologia\/","og_locale":"es_ES","og_type":"article","og_title":"Estudios de geobiolog\u00eda - Assovil","og_description":"[vc_row type=\u00bbin_container\u00bb full_screen_row_position=\u00bbmiddle\u00bb column_margin=\u00bbdefault\u00bb equal_height=\u00bbyes\u00bb content_placement=\u00bbtop\u00bb column_direction=\u00bbdefault\u00bb column_direction_tablet=\u00bbdefault\u00bb column_direction_phone=\u00bbdefault\u00bb scene_position=\u00bbcenter\u00bb top_padding=\u00bb50&#8243; constrain_group_1=\u00bbyes\u00bb bottom_padding=\u00bb50&#8243; text_color=\u00bbdark\u00bb text_align=\u00bbleft\u00bb row_border_radius=\u00bbnone\u00bb row_border_radius_applies=\u00bbbg\u00bb overflow=\u00bbvisible\u00bb overlay_strength=\u00bb0.3&#8243; gradient_direction=\u00bbleft_to_right\u00bb shape_divider_position=\u00bbbottom\u00bb bg_image_animation=\u00bbnone\u00bb gradient_type=\u00bbdefault\u00bb shape_type=\u00bb\u00bb][vc_column column_padding=\u00bbpadding-2-percent\u00bb column_padding_tablet=\u00bbinherit\u00bb column_padding_phone=\u00bbinherit\u00bb column_padding_position=\u00bball\u00bb column_element_direction_desktop=\u00bbdefault\u00bb column_element_spacing=\u00bbdefault\u00bb...","og_url":"http:\/\/assovil.com\/es\/estudis-de-geobiologia\/","og_site_name":"Assovil","article_modified_time":"2023-06-07T08:42:52+00:00","twitter_card":"summary_large_image","twitter_misc":{"Tiempo de lectura":"5 minutos"},"schema":{"@context":"https:\/\/schema.org","@graph":[{"@type":"WebPage","@id":"http:\/\/assovil.com\/es\/estudis-de-geobiologia\/","url":"http:\/\/assovil.com\/es\/estudis-de-geobiologia\/","name":"Estudios de geobiolog\u00eda - Assovil","isPartOf":{"@id":"https:\/\/assovil.com\/#website"},"datePublished":"2023-06-06T07:18:00+00:00","dateModified":"2023-06-07T08:42:52+00:00","breadcrumb":{"@id":"http:\/\/assovil.com\/es\/estudis-de-geobiologia\/#breadcrumb"},"inLanguage":"es","potentialAction":[{"@type":"ReadAction","target":["http:\/\/assovil.com\/es\/estudis-de-geobiologia\/"]}]},{"@type":"BreadcrumbList","@id":"http:\/\/assovil.com\/es\/estudis-de-geobiologia\/#breadcrumb","itemListElement":[{"@type":"ListItem","position":1,"name":"Portada","item":"http:\/\/assovil.com\/es\/"},{"@type":"ListItem","position":2,"name":"Estudios de geobiolog\u00eda"}]},{"@type":"WebSite","@id":"https:\/\/assovil.com\/#website","url":"https:\/\/assovil.com\/","name":"Assovil","description":"","potentialAction":[{"@type":"SearchAction","target":{"@type":"EntryPoint","urlTemplate":"https:\/\/assovil.com\/?s={search_term_string}"},"query-input":"required name=search_term_string"}],"inLanguage":"es"}]}},"_links":{"self":[{"href":"http:\/\/assovil.com\/es\/wp-json\/wp\/v2\/pages\/5203","targetHints":{"allow":["GET"]}}],"collection":[{"href":"http:\/\/assovil.com\/es\/wp-json\/wp\/v2\/pages"}],"about":[{"href":"http:\/\/assovil.com\/es\/wp-json\/wp\/v2\/types\/page"}],"author":[{"embeddable":true,"href":"http:\/\/assovil.com\/es\/wp-json\/wp\/v2\/users\/1"}],"replies":[{"embeddable":true,"href":"http:\/\/assovil.com\/es\/wp-json\/wp\/v2\/comments?post=5203"}],"version-history":[{"count":3,"href":"http:\/\/assovil.com\/es\/wp-json\/wp\/v2\/pages\/5203\/revisions"}],"predecessor-version":[{"id":5206,"href":"http:\/\/assovil.com\/es\/wp-json\/wp\/v2\/pages\/5203\/revisions\/5206"}],"wp:attachment":[{"href":"http:\/\/assovil.com\/es\/wp-json\/wp\/v2\/media?parent=5203"}],"curies":[{"name":"wp","href":"https:\/\/api.w.org\/{rel}","templated":true}]}}