{"id":5195,"date":"2023-06-06T07:10:58","date_gmt":"2023-06-06T07:10:58","guid":{"rendered":"http:\/\/assovil.com\/estudi-complet-jyotish\/"},"modified":"2023-06-07T08:28:44","modified_gmt":"2023-06-07T08:28:44","slug":"estudi-complet-jyotish","status":"publish","type":"page","link":"http:\/\/assovil.com\/es\/estudi-complet-jyotish\/","title":{"rendered":"Estudio completo Jyotish"},"content":{"rendered":"[vc_row type=\u00bbin_container\u00bb full_screen_row_position=\u00bbmiddle\u00bb column_margin=\u00bbdefault\u00bb column_direction=\u00bbdefault\u00bb column_direction_tablet=\u00bbdefault\u00bb column_direction_phone=\u00bbdefault\u00bb scene_position=\u00bbcenter\u00bb top_padding=\u00bb50&#8243; constrain_group_1=\u00bbyes\u00bb bottom_padding=\u00bb50&#8243; text_color=\u00bbdark\u00bb text_align=\u00bbleft\u00bb row_border_radius=\u00bbnone\u00bb row_border_radius_applies=\u00bbbg\u00bb overflow=\u00bbvisible\u00bb overlay_strength=\u00bb0.3&#8243; gradient_direction=\u00bbleft_to_right\u00bb shape_divider_position=\u00bbbottom\u00bb bg_image_animation=\u00bbnone\u00bb gradient_type=\u00bbdefault\u00bb shape_type=\u00bb\u00bb][vc_column column_padding=\u00bbno-extra-padding\u00bb column_padding_tablet=\u00bbinherit\u00bb column_padding_phone=\u00bbinherit\u00bb column_padding_position=\u00bball\u00bb column_element_direction_desktop=\u00bbdefault\u00bb column_element_spacing=\u00bbdefault\u00bb desktop_text_alignment=\u00bbdefault\u00bb tablet_text_alignment=\u00bbdefault\u00bb phone_text_alignment=\u00bbdefault\u00bb background_color_opacity=\u00bb1&#8243; background_hover_color_opacity=\u00bb1&#8243; column_backdrop_filter=\u00bbnone\u00bb column_shadow=\u00bbnone\u00bb column_border_radius=\u00bbnone\u00bb column_link_target=\u00bb_self\u00bb column_position=\u00bbdefault\u00bb gradient_direction=\u00bbleft_to_right\u00bb overlay_strength=\u00bb0.3&#8243; width=\u00bb1\/1&#8243; tablet_width_inherit=\u00bbdefault\u00bb animation_type=\u00bbdefault\u00bb bg_image_animation=\u00bbnone\u00bb border_type=\u00bbsimple\u00bb column_border_width=\u00bbnone\u00bb column_border_style=\u00bbsolid\u00bb][vc_column_text]\n<h2>ESTUDIO COMPLETO JYOTISH\/VASTU Y REMEDIOS EN L\u00cdNEA<br \/>\nRedescubrimiento y Autoconocimiento<\/h2>\n<p>Un estudio completo enfocado principalmente en encontrar el equilibrio en el momento presente de la persona a trav\u00e9s del conocimiento de Jyotish y su aplicaci\u00f3n terap\u00e9utica mediante diferentes t\u00e9cnicas y consejos.<\/p>\n<p>Con la opci\u00f3n de un seguimiento de consultas de mentoring para ayudarte a encontrar las herramientas m\u00e1s adecuadas en tu caso, con el objetivo de llegar a ser consciente de tu situaci\u00f3n y poder gestionar por ti mismo las posibles situaciones futuras.<\/p>\n<p>&nbsp;<\/p>\n<p><strong>\u00bfA qui\u00e9n est\u00e1 destinado este estudio?<\/strong><br \/>\nSi sientes presi\u00f3n sobre ti, tienes problemas con las relaciones, con las emociones, en el trabajo.<\/p>\n<p>Si quieres profundizar en tu autoconocimiento y desarrollo personal.<\/p>\n<p>Reconectarte con tu propia esencia vital y equilibrarla con la vida que llevas habitualmente.<\/p>\n<p>\u00bfCu\u00e1l es la causa y c\u00f3mo mejorar un problema o situaci\u00f3n que se repite en tu vida.<\/p>\n<p>Necesitas orientaci\u00f3n en este momento de la vida.<\/p>\n<p>&nbsp;<\/p>\n<p><strong>\u00bfEn qu\u00e9 consiste el estudio?<\/strong><br \/>\nEn un primer contacto v\u00eda correo electr\u00f3nico o WhatsApp, necesito saber el motivo de tu consulta, \u00abno se necesitan detalles si no se desean\u00bb, pero s\u00ed lo que te ha llevado hasta aqu\u00ed. Luego, si es presencial, se acuerda d\u00eda y hora para quedar y hacer la consulta, o se puede realizar a trav\u00e9s de videoconferencia, por tel\u00e9fono o mediante correo electr\u00f3nico. Lo que sea m\u00e1s c\u00f3modo y se adapte mejor a ti.<\/p>\n<p>&nbsp;<\/p>\n<p>Necesito saber el lugar y fecha de nacimiento, incluyendo la hora a la cual naciste.<\/p>\n<p>En caso de ser posible, se enviar\u00e1n por correo electr\u00f3nico im\u00e1genes, planos y la direcci\u00f3n de la casa donde vives.<\/p>\n<p>Antes de la consulta, te enviar\u00e9 un formulario que deber\u00e1s completar y enviar con anticipaci\u00f3n, para poder realizar el estudio. Durante la consulta, podremos extraer mucha informaci\u00f3n gracias a este formulario.<\/p>\n<p>Teniendo en cuenta tu lugar de residencia y el estudio del Vastu, podemos identificar posibles desequilibrios causados por la construcci\u00f3n o alg\u00fan problema relacionado con geopat\u00edas del terreno.<\/p>\n<p>Durante la sesi\u00f3n, se valorar\u00e1 la mejor manera de abordar el tema, situaci\u00f3n o problema en cuesti\u00f3n, teniendo en cuenta tus necesidades.<\/p>\n<p>Estudio b\u00e1sico de Vastu Shastra.<\/p>\n<p><strong>\u00bfC\u00f3mo se abonar\u00e1 el importe?<\/strong><br \/>\nEl importe del estudio\/consulta es de 167\u20ac.<\/p>\n<p>Antes de realizar el estudio, mediante PayPal \/ transferencia a la Cuenta de BBVA n\u00ba ES3801828177140201614191.<\/p>\n<p>Especificando el tipo de estudio o consulta elegido, tu nombre y apellido.<\/p>\n[\/vc_column_text][\/vc_column][\/vc_row][vc_row type=\u00bbfull_width_background\u00bb full_screen_row_position=\u00bbmiddle\u00bb column_margin=\u00bbdefault\u00bb column_direction=\u00bbdefault\u00bb column_direction_tablet=\u00bbdefault\u00bb column_direction_phone=\u00bbdefault\u00bb bg_color=\u00bb#fccc04&#8243; scene_position=\u00bbcenter\u00bb top_padding=\u00bb50&#8243; constrain_group_1=\u00bbyes\u00bb bottom_padding=\u00bb50&#8243; text_color=\u00bbdark\u00bb text_align=\u00bbleft\u00bb row_border_radius=\u00bbnone\u00bb row_border_radius_applies=\u00bbbg\u00bb overflow=\u00bbvisible\u00bb overlay_strength=\u00bb0.3&#8243; gradient_direction=\u00bbleft_to_right\u00bb shape_divider_position=\u00bbbottom\u00bb bg_image_animation=\u00bbnone\u00bb gradient_type=\u00bbdefault\u00bb shape_type=\u00bb\u00bb][vc_column column_padding=\u00bbno-extra-padding\u00bb column_padding_tablet=\u00bbinherit\u00bb column_padding_phone=\u00bbinherit\u00bb column_padding_position=\u00bball\u00bb column_element_direction_desktop=\u00bbdefault\u00bb column_element_spacing=\u00bbdefault\u00bb centered_text=\u00bbtrue\u00bb desktop_text_alignment=\u00bbdefault\u00bb tablet_text_alignment=\u00bbdefault\u00bb phone_text_alignment=\u00bbdefault\u00bb background_color_opacity=\u00bb1&#8243; background_hover_color_opacity=\u00bb1&#8243; column_backdrop_filter=\u00bbnone\u00bb column_shadow=\u00bbnone\u00bb column_border_radius=\u00bbnone\u00bb column_link_target=\u00bb_self\u00bb column_position=\u00bbdefault\u00bb gradient_direction=\u00bbleft_to_right\u00bb overlay_strength=\u00bb0.3&#8243; width=\u00bb1\/1&#8243; tablet_width_inherit=\u00bbdefault\u00bb animation_type=\u00bbdefault\u00bb bg_image_animation=\u00bbnone\u00bb border_type=\u00bbsimple\u00bb column_border_width=\u00bbnone\u00bb column_border_style=\u00bbsolid\u00bb column_padding_type=\u00bbdefault\u00bb gradient_type=\u00bbdefault\u00bb][split_line_heading animation_type=\u00bbline-reveal-by-space\u00bb font_style=\u00bbh3&#8243; text_color=\u00bb#363032&#8243; line_reveal_by_space_text_effect=\u00bbdefault\u00bb content_alignment=\u00bbdefault\u00bb mobile_content_alignment=\u00bbinherit\u00bb link_target=\u00bb_self\u00bb text_content=\u00bbSI TIENES CUALQUIER DUDA O QUIERES M\u00c1S INFORMACI\u00d3N\u00bb][\/split_line_heading][divider line_type=\u00bbNo Line\u00bb][nectar_btn size=\u00bbjumbo\u00bb open_new_tab=\u00bbtrue\u00bb button_style=\u00bbsee-through-2&#8243; hover_color_override=\u00bb#363032&#8243; hover_text_color_override=\u00bb#ffffff\u00bb icon_family=\u00bbnone\u00bb text=\u00bb\u00a1Cont\u00e1ctanos!\u00bb url=\u00bbhttp:\/\/assovil.com\/es\/contacte\/\u00bb][\/vc_column][\/vc_row]\n","protected":false},"excerpt":{"rendered":"<p>[vc_row type=\u00bbin_container\u00bb full_screen_row_position=\u00bbmiddle\u00bb column_margin=\u00bbdefault\u00bb column_direction=\u00bbdefault\u00bb column_direction_tablet=\u00bbdefault\u00bb column_direction_phone=\u00bbdefault\u00bb scene_position=\u00bbcenter\u00bb top_padding=\u00bb50&#8243; constrain_group_1=\u00bbyes\u00bb bottom_padding=\u00bb50&#8243; text_color=\u00bbdark\u00bb text_align=\u00bbleft\u00bb row_border_radius=\u00bbnone\u00bb row_border_radius_applies=\u00bbbg\u00bb overflow=\u00bbvisible\u00bb overlay_strength=\u00bb0.3&#8243; gradient_direction=\u00bbleft_to_right\u00bb shape_divider_position=\u00bbbottom\u00bb bg_image_animation=\u00bbnone\u00bb gradient_type=\u00bbdefault\u00bb shape_type=\u00bb\u00bb][vc_column column_padding=\u00bbno-extra-padding\u00bb column_padding_tablet=\u00bbinherit\u00bb column_padding_phone=\u00bbinherit\u00bb column_padding_position=\u00bball\u00bb column_element_direction_desktop=\u00bbdefault\u00bb column_element_spacing=\u00bbdefault\u00bb desktop_text_alignment=\u00bbdefault\u00bb tablet_text_alignment=\u00bbdefault\u00bb&#8230;<\/p>\n","protected":false},"author":1,"featured_media":0,"parent":0,"menu_order":0,"comment_status":"closed","ping_status":"closed","template":"","meta":{"footnotes":""},"class_list":["post-5195","page","type-page","status-publish"],"yoast_head":"<!-- This site is optimized with the Yoast SEO plugin v20.8 - https:\/\/yoast.com\/wordpress\/plugins\/seo\/ -->\n<title>Estudio completo Jyotish - Assovil<\/title>\n<meta name=\"robots\" content=\"index, follow, max-snippet:-1, max-image-preview:large, max-video-preview:-1\" \/>\n<link rel=\"canonical\" href=\"http:\/\/assovil.com\/es\/estudi-complet-jyotish\/\" \/>\n<meta property=\"og:locale\" content=\"es_ES\" \/>\n<meta property=\"og:type\" content=\"article\" \/>\n<meta property=\"og:title\" content=\"Estudio completo Jyotish - Assovil\" \/>\n<meta property=\"og:description\" content=\"[vc_row type=\u00bbin_container\u00bb full_screen_row_position=\u00bbmiddle\u00bb column_margin=\u00bbdefault\u00bb column_direction=\u00bbdefault\u00bb column_direction_tablet=\u00bbdefault\u00bb column_direction_phone=\u00bbdefault\u00bb scene_position=\u00bbcenter\u00bb top_padding=\u00bb50&#8243; constrain_group_1=\u00bbyes\u00bb bottom_padding=\u00bb50&#8243; text_color=\u00bbdark\u00bb text_align=\u00bbleft\u00bb row_border_radius=\u00bbnone\u00bb row_border_radius_applies=\u00bbbg\u00bb overflow=\u00bbvisible\u00bb overlay_strength=\u00bb0.3&#8243; gradient_direction=\u00bbleft_to_right\u00bb shape_divider_position=\u00bbbottom\u00bb bg_image_animation=\u00bbnone\u00bb gradient_type=\u00bbdefault\u00bb shape_type=\u00bb\u00bb][vc_column column_padding=\u00bbno-extra-padding\u00bb column_padding_tablet=\u00bbinherit\u00bb column_padding_phone=\u00bbinherit\u00bb column_padding_position=\u00bball\u00bb column_element_direction_desktop=\u00bbdefault\u00bb column_element_spacing=\u00bbdefault\u00bb desktop_text_alignment=\u00bbdefault\u00bb tablet_text_alignment=\u00bbdefault\u00bb...\" \/>\n<meta property=\"og:url\" content=\"http:\/\/assovil.com\/es\/estudi-complet-jyotish\/\" \/>\n<meta property=\"og:site_name\" content=\"Assovil\" \/>\n<meta property=\"article:modified_time\" content=\"2023-06-07T08:28:44+00:00\" \/>\n<meta name=\"twitter:card\" content=\"summary_large_image\" \/>\n<meta name=\"twitter:label1\" content=\"Tiempo de lectura\" \/>\n\t<meta name=\"twitter:data1\" content=\"3 minutos\" \/>\n<script type=\"application\/ld+json\" class=\"yoast-schema-graph\">{\"@context\":\"https:\/\/schema.org\",\"@graph\":[{\"@type\":\"WebPage\",\"@id\":\"http:\/\/assovil.com\/es\/estudi-complet-jyotish\/\",\"url\":\"http:\/\/assovil.com\/es\/estudi-complet-jyotish\/\",\"name\":\"Estudio completo Jyotish - Assovil\",\"isPartOf\":{\"@id\":\"https:\/\/assovil.com\/#website\"},\"datePublished\":\"2023-06-06T07:10:58+00:00\",\"dateModified\":\"2023-06-07T08:28:44+00:00\",\"breadcrumb\":{\"@id\":\"http:\/\/assovil.com\/es\/estudi-complet-jyotish\/#breadcrumb\"},\"inLanguage\":\"es\",\"potentialAction\":[{\"@type\":\"ReadAction\",\"target\":[\"http:\/\/assovil.com\/es\/estudi-complet-jyotish\/\"]}]},{\"@type\":\"BreadcrumbList\",\"@id\":\"http:\/\/assovil.com\/es\/estudi-complet-jyotish\/#breadcrumb\",\"itemListElement\":[{\"@type\":\"ListItem\",\"position\":1,\"name\":\"Portada\",\"item\":\"http:\/\/assovil.com\/es\/\"},{\"@type\":\"ListItem\",\"position\":2,\"name\":\"Estudio completo Jyotish\"}]},{\"@type\":\"WebSite\",\"@id\":\"https:\/\/assovil.com\/#website\",\"url\":\"https:\/\/assovil.com\/\",\"name\":\"Assovil\",\"description\":\"\",\"potentialAction\":[{\"@type\":\"SearchAction\",\"target\":{\"@type\":\"EntryPoint\",\"urlTemplate\":\"https:\/\/assovil.com\/?s={search_term_string}\"},\"query-input\":\"required name=search_term_string\"}],\"inLanguage\":\"es\"}]}<\/script>\n<!-- \/ Yoast SEO plugin. -->","yoast_head_json":{"title":"Estudio completo Jyotish - Assovil","robots":{"index":"index","follow":"follow","max-snippet":"max-snippet:-1","max-image-preview":"max-image-preview:large","max-video-preview":"max-video-preview:-1"},"canonical":"http:\/\/assovil.com\/es\/estudi-complet-jyotish\/","og_locale":"es_ES","og_type":"article","og_title":"Estudio completo Jyotish - Assovil","og_description":"[vc_row type=\u00bbin_container\u00bb full_screen_row_position=\u00bbmiddle\u00bb column_margin=\u00bbdefault\u00bb column_direction=\u00bbdefault\u00bb column_direction_tablet=\u00bbdefault\u00bb column_direction_phone=\u00bbdefault\u00bb scene_position=\u00bbcenter\u00bb top_padding=\u00bb50&#8243; constrain_group_1=\u00bbyes\u00bb bottom_padding=\u00bb50&#8243; text_color=\u00bbdark\u00bb text_align=\u00bbleft\u00bb row_border_radius=\u00bbnone\u00bb row_border_radius_applies=\u00bbbg\u00bb overflow=\u00bbvisible\u00bb overlay_strength=\u00bb0.3&#8243; gradient_direction=\u00bbleft_to_right\u00bb shape_divider_position=\u00bbbottom\u00bb bg_image_animation=\u00bbnone\u00bb gradient_type=\u00bbdefault\u00bb shape_type=\u00bb\u00bb][vc_column column_padding=\u00bbno-extra-padding\u00bb column_padding_tablet=\u00bbinherit\u00bb column_padding_phone=\u00bbinherit\u00bb column_padding_position=\u00bball\u00bb column_element_direction_desktop=\u00bbdefault\u00bb column_element_spacing=\u00bbdefault\u00bb desktop_text_alignment=\u00bbdefault\u00bb tablet_text_alignment=\u00bbdefault\u00bb...","og_url":"http:\/\/assovil.com\/es\/estudi-complet-jyotish\/","og_site_name":"Assovil","article_modified_time":"2023-06-07T08:28:44+00:00","twitter_card":"summary_large_image","twitter_misc":{"Tiempo de lectura":"3 minutos"},"schema":{"@context":"https:\/\/schema.org","@graph":[{"@type":"WebPage","@id":"http:\/\/assovil.com\/es\/estudi-complet-jyotish\/","url":"http:\/\/assovil.com\/es\/estudi-complet-jyotish\/","name":"Estudio completo Jyotish - Assovil","isPartOf":{"@id":"https:\/\/assovil.com\/#website"},"datePublished":"2023-06-06T07:10:58+00:00","dateModified":"2023-06-07T08:28:44+00:00","breadcrumb":{"@id":"http:\/\/assovil.com\/es\/estudi-complet-jyotish\/#breadcrumb"},"inLanguage":"es","potentialAction":[{"@type":"ReadAction","target":["http:\/\/assovil.com\/es\/estudi-complet-jyotish\/"]}]},{"@type":"BreadcrumbList","@id":"http:\/\/assovil.com\/es\/estudi-complet-jyotish\/#breadcrumb","itemListElement":[{"@type":"ListItem","position":1,"name":"Portada","item":"http:\/\/assovil.com\/es\/"},{"@type":"ListItem","position":2,"name":"Estudio completo Jyotish"}]},{"@type":"WebSite","@id":"https:\/\/assovil.com\/#website","url":"https:\/\/assovil.com\/","name":"Assovil","description":"","potentialAction":[{"@type":"SearchAction","target":{"@type":"EntryPoint","urlTemplate":"https:\/\/assovil.com\/?s={search_term_string}"},"query-input":"required name=search_term_string"}],"inLanguage":"es"}]}},"_links":{"self":[{"href":"http:\/\/assovil.com\/es\/wp-json\/wp\/v2\/pages\/5195","targetHints":{"allow":["GET"]}}],"collection":[{"href":"http:\/\/assovil.com\/es\/wp-json\/wp\/v2\/pages"}],"about":[{"href":"http:\/\/assovil.com\/es\/wp-json\/wp\/v2\/types\/page"}],"author":[{"embeddable":true,"href":"http:\/\/assovil.com\/es\/wp-json\/wp\/v2\/users\/1"}],"replies":[{"embeddable":true,"href":"http:\/\/assovil.com\/es\/wp-json\/wp\/v2\/comments?post=5195"}],"version-history":[{"count":1,"href":"http:\/\/assovil.com\/es\/wp-json\/wp\/v2\/pages\/5195\/revisions"}],"predecessor-version":[{"id":5198,"href":"http:\/\/assovil.com\/es\/wp-json\/wp\/v2\/pages\/5195\/revisions\/5198"}],"wp:attachment":[{"href":"http:\/\/assovil.com\/es\/wp-json\/wp\/v2\/media?parent=5195"}],"curies":[{"name":"wp","href":"https:\/\/api.w.org\/{rel}","templated":true}]}}