{"id":5193,"date":"2023-06-06T07:06:21","date_gmt":"2023-06-06T07:06:21","guid":{"rendered":"http:\/\/assovil.com\/consulta-jyotish-presencial\/"},"modified":"2023-06-07T08:22:59","modified_gmt":"2023-06-07T08:22:59","slug":"consulta-jyotish-presencial","status":"publish","type":"page","link":"http:\/\/assovil.com\/es\/consulta-jyotish-presencial\/","title":{"rendered":"Consulta Jyotish presencial"},"content":{"rendered":"[vc_row type=\u00bbin_container\u00bb full_screen_row_position=\u00bbmiddle\u00bb column_margin=\u00bbdefault\u00bb column_direction=\u00bbdefault\u00bb column_direction_tablet=\u00bbdefault\u00bb column_direction_phone=\u00bbdefault\u00bb scene_position=\u00bbcenter\u00bb top_padding=\u00bb50&#8243; constrain_group_1=\u00bbyes\u00bb bottom_padding=\u00bb50&#8243; text_color=\u00bbdark\u00bb text_align=\u00bbleft\u00bb row_border_radius=\u00bbnone\u00bb row_border_radius_applies=\u00bbbg\u00bb overflow=\u00bbvisible\u00bb overlay_strength=\u00bb0.3&#8243; gradient_direction=\u00bbleft_to_right\u00bb shape_divider_position=\u00bbbottom\u00bb bg_image_animation=\u00bbnone\u00bb gradient_type=\u00bbdefault\u00bb shape_type=\u00bb\u00bb][vc_column column_padding=\u00bbno-extra-padding\u00bb column_padding_tablet=\u00bbinherit\u00bb column_padding_phone=\u00bbinherit\u00bb column_padding_position=\u00bball\u00bb column_element_direction_desktop=\u00bbdefault\u00bb column_element_spacing=\u00bbdefault\u00bb desktop_text_alignment=\u00bbdefault\u00bb tablet_text_alignment=\u00bbdefault\u00bb phone_text_alignment=\u00bbdefault\u00bb background_color_opacity=\u00bb1&#8243; background_hover_color_opacity=\u00bb1&#8243; column_backdrop_filter=\u00bbnone\u00bb column_shadow=\u00bbnone\u00bb column_border_radius=\u00bbnone\u00bb column_link_target=\u00bb_self\u00bb column_position=\u00bbdefault\u00bb gradient_direction=\u00bbleft_to_right\u00bb overlay_strength=\u00bb0.3&#8243; width=\u00bb1\/1&#8243; tablet_width_inherit=\u00bbdefault\u00bb animation_type=\u00bbdefault\u00bb bg_image_animation=\u00bbnone\u00bb border_type=\u00bbsimple\u00bb column_border_width=\u00bbnone\u00bb column_border_style=\u00bbsolid\u00bb][vc_column_text]\n<h2>CONSULTA JYOTISH PERSONAL TERAP\u00c9UTICA<br \/>\nRedescubrimiento y Autoconocimiento<\/h2>\n<p>Una consulta enfocada y destinada principalmente a encontrar el equilibrio en el momento presente de la persona a trav\u00e9s del conocimiento de Jyotish, y puesta en pr\u00e1ctica terap\u00e9uticamente mediante diferentes t\u00e9cnicas y consejos.<\/p>\n<p>Con la opci\u00f3n de un seguimiento de consultas de mentoring para ayudarte a encontrar las herramientas m\u00e1s adecuadas en tu caso, con el objetivo de llegar a ser consciente de tu escenario y poder autogestionar t\u00fa mismo las posibles situaciones futuras.<\/p>\n<p>&nbsp;<\/p>\n<p><strong>\u00bfA qui\u00e9n est\u00e1 destinado este estudio?<\/strong><br \/>\nSi sientes presi\u00f3n sobre ti, tienes problemas con las relaciones, con las emociones, en el trabajo.<\/p>\n<p>Si quieres profundizar en tu autoconocimiento y desarrollo personal.<\/p>\n<p>Reconectarte con tu propia esencia vital y equilibrarla con la vida que llevas habitualmente.<\/p>\n<p>\u00bfCu\u00e1l es la causa y c\u00f3mo mejorar un problema o situaci\u00f3n que se repite en tu vida.<\/p>\n<p>Necesitas orientaci\u00f3n en este momento de la vida.<\/p>\n<p>&nbsp;<\/p>\n<p><strong>\u00bfEn qu\u00e9 consiste la consulta?<\/strong><br \/>\nEn un primer contacto v\u00eda correo electr\u00f3nico o WhatsApp, necesito saber el motivo de tu consulta, \u00abno se necesitan detalles si no se desean\u00bb, pero s\u00ed lo que te ha llevado hasta aqu\u00ed. Luego, si es presencial, se acuerda d\u00eda y hora para quedar y hacer la consulta.<\/p>\n<p>Necesito saber el lugar y fecha de nacimiento, incluyendo la hora a la cual naciste.<\/p>\n<p>Antes de la visita, te adjuntar\u00e9 un formulario, que deber\u00e1s enviar antes de venir, para poder realizar el estudio, y gracias a \u00e9l durante la consulta podremos extraer mucha informaci\u00f3n.<\/p>\n<p>Durante la sesi\u00f3n, se valorar\u00e1 la mejor manera de tratar el tema, situaci\u00f3n o problema en cuesti\u00f3n, teniendo en cuenta tus necesidades.<\/p>\n<p><strong>\u00bfC\u00f3mo se abonar\u00e1 el importe?<\/strong><br \/>\nEl importe del estudio\/consulta es de 135\u20ac.<\/p>\n<p>Antes de realizar el estudio, mediante PayPal \/ transferencia a la Cuenta de BBVA n\u00ba ES3801828177140201614191 o el mismo d\u00eda de la Consulta.<\/p>\n<p>Especificando el tipo de estudio o consulta elegido, su nombre y apellido.<\/p>\n[\/vc_column_text][\/vc_column][\/vc_row][vc_row type=\u00bbfull_width_background\u00bb full_screen_row_position=\u00bbmiddle\u00bb column_margin=\u00bbdefault\u00bb column_direction=\u00bbdefault\u00bb column_direction_tablet=\u00bbdefault\u00bb column_direction_phone=\u00bbdefault\u00bb bg_color=\u00bb#fccc04&#8243; scene_position=\u00bbcenter\u00bb top_padding=\u00bb50&#8243; constrain_group_1=\u00bbyes\u00bb bottom_padding=\u00bb50&#8243; text_color=\u00bbdark\u00bb text_align=\u00bbleft\u00bb row_border_radius=\u00bbnone\u00bb row_border_radius_applies=\u00bbbg\u00bb overflow=\u00bbvisible\u00bb overlay_strength=\u00bb0.3&#8243; gradient_direction=\u00bbleft_to_right\u00bb shape_divider_position=\u00bbbottom\u00bb bg_image_animation=\u00bbnone\u00bb gradient_type=\u00bbdefault\u00bb shape_type=\u00bb\u00bb][vc_column column_padding=\u00bbno-extra-padding\u00bb column_padding_tablet=\u00bbinherit\u00bb column_padding_phone=\u00bbinherit\u00bb column_padding_position=\u00bball\u00bb column_element_direction_desktop=\u00bbdefault\u00bb column_element_spacing=\u00bbdefault\u00bb centered_text=\u00bbtrue\u00bb desktop_text_alignment=\u00bbdefault\u00bb tablet_text_alignment=\u00bbdefault\u00bb phone_text_alignment=\u00bbdefault\u00bb background_color_opacity=\u00bb1&#8243; background_hover_color_opacity=\u00bb1&#8243; column_backdrop_filter=\u00bbnone\u00bb column_shadow=\u00bbnone\u00bb column_border_radius=\u00bbnone\u00bb column_link_target=\u00bb_self\u00bb column_position=\u00bbdefault\u00bb gradient_direction=\u00bbleft_to_right\u00bb overlay_strength=\u00bb0.3&#8243; width=\u00bb1\/1&#8243; tablet_width_inherit=\u00bbdefault\u00bb animation_type=\u00bbdefault\u00bb bg_image_animation=\u00bbnone\u00bb border_type=\u00bbsimple\u00bb column_border_width=\u00bbnone\u00bb column_border_style=\u00bbsolid\u00bb column_padding_type=\u00bbdefault\u00bb gradient_type=\u00bbdefault\u00bb][split_line_heading animation_type=\u00bbline-reveal-by-space\u00bb font_style=\u00bbh3&#8243; text_color=\u00bb#363032&#8243; line_reveal_by_space_text_effect=\u00bbdefault\u00bb content_alignment=\u00bbdefault\u00bb mobile_content_alignment=\u00bbinherit\u00bb link_target=\u00bb_self\u00bb text_content=\u00bbSI TIENES CUALQUIER DUDA O QUIERES M\u00c1S INFORMACI\u00d3N\u00bb][\/split_line_heading][divider line_type=\u00bbNo Line\u00bb][nectar_btn size=\u00bbjumbo\u00bb open_new_tab=\u00bbtrue\u00bb button_style=\u00bbsee-through-2&#8243; hover_color_override=\u00bb#363032&#8243; hover_text_color_override=\u00bb#ffffff\u00bb icon_family=\u00bbnone\u00bb text=\u00bb\u00a1Cont\u00e1ctanos!\u00bb url=\u00bbhttp:\/\/assovil.com\/es\/contacte\/\u00bb][\/vc_column][\/vc_row]\n","protected":false},"excerpt":{"rendered":"<p>[vc_row type=\u00bbin_container\u00bb full_screen_row_position=\u00bbmiddle\u00bb column_margin=\u00bbdefault\u00bb column_direction=\u00bbdefault\u00bb column_direction_tablet=\u00bbdefault\u00bb column_direction_phone=\u00bbdefault\u00bb scene_position=\u00bbcenter\u00bb top_padding=\u00bb50&#8243; constrain_group_1=\u00bbyes\u00bb bottom_padding=\u00bb50&#8243; text_color=\u00bbdark\u00bb text_align=\u00bbleft\u00bb row_border_radius=\u00bbnone\u00bb row_border_radius_applies=\u00bbbg\u00bb overflow=\u00bbvisible\u00bb overlay_strength=\u00bb0.3&#8243; gradient_direction=\u00bbleft_to_right\u00bb shape_divider_position=\u00bbbottom\u00bb bg_image_animation=\u00bbnone\u00bb gradient_type=\u00bbdefault\u00bb shape_type=\u00bb\u00bb][vc_column column_padding=\u00bbno-extra-padding\u00bb column_padding_tablet=\u00bbinherit\u00bb column_padding_phone=\u00bbinherit\u00bb column_padding_position=\u00bball\u00bb column_element_direction_desktop=\u00bbdefault\u00bb column_element_spacing=\u00bbdefault\u00bb desktop_text_alignment=\u00bbdefault\u00bb tablet_text_alignment=\u00bbdefault\u00bb&#8230;<\/p>\n","protected":false},"author":1,"featured_media":0,"parent":0,"menu_order":0,"comment_status":"closed","ping_status":"closed","template":"","meta":{"footnotes":""},"class_list":["post-5193","page","type-page","status-publish"],"yoast_head":"<!-- This site is optimized with the Yoast SEO plugin v20.8 - https:\/\/yoast.com\/wordpress\/plugins\/seo\/ -->\n<title>Consulta Jyotish presencial - Assovil<\/title>\n<meta name=\"robots\" content=\"index, follow, max-snippet:-1, max-image-preview:large, max-video-preview:-1\" \/>\n<link rel=\"canonical\" href=\"http:\/\/assovil.com\/es\/consulta-jyotish-presencial\/\" \/>\n<meta property=\"og:locale\" content=\"es_ES\" \/>\n<meta property=\"og:type\" content=\"article\" \/>\n<meta property=\"og:title\" content=\"Consulta Jyotish presencial - Assovil\" \/>\n<meta property=\"og:description\" content=\"[vc_row type=\u00bbin_container\u00bb full_screen_row_position=\u00bbmiddle\u00bb column_margin=\u00bbdefault\u00bb column_direction=\u00bbdefault\u00bb column_direction_tablet=\u00bbdefault\u00bb column_direction_phone=\u00bbdefault\u00bb scene_position=\u00bbcenter\u00bb top_padding=\u00bb50&#8243; constrain_group_1=\u00bbyes\u00bb bottom_padding=\u00bb50&#8243; text_color=\u00bbdark\u00bb text_align=\u00bbleft\u00bb row_border_radius=\u00bbnone\u00bb row_border_radius_applies=\u00bbbg\u00bb overflow=\u00bbvisible\u00bb overlay_strength=\u00bb0.3&#8243; gradient_direction=\u00bbleft_to_right\u00bb shape_divider_position=\u00bbbottom\u00bb bg_image_animation=\u00bbnone\u00bb gradient_type=\u00bbdefault\u00bb shape_type=\u00bb\u00bb][vc_column column_padding=\u00bbno-extra-padding\u00bb column_padding_tablet=\u00bbinherit\u00bb column_padding_phone=\u00bbinherit\u00bb column_padding_position=\u00bball\u00bb column_element_direction_desktop=\u00bbdefault\u00bb column_element_spacing=\u00bbdefault\u00bb desktop_text_alignment=\u00bbdefault\u00bb tablet_text_alignment=\u00bbdefault\u00bb...\" \/>\n<meta property=\"og:url\" content=\"http:\/\/assovil.com\/es\/consulta-jyotish-presencial\/\" \/>\n<meta property=\"og:site_name\" content=\"Assovil\" \/>\n<meta property=\"article:modified_time\" content=\"2023-06-07T08:22:59+00:00\" \/>\n<meta name=\"twitter:card\" content=\"summary_large_image\" \/>\n<meta name=\"twitter:label1\" content=\"Tiempo de lectura\" \/>\n\t<meta name=\"twitter:data1\" content=\"2 minutos\" \/>\n<script type=\"application\/ld+json\" class=\"yoast-schema-graph\">{\"@context\":\"https:\/\/schema.org\",\"@graph\":[{\"@type\":\"WebPage\",\"@id\":\"http:\/\/assovil.com\/es\/consulta-jyotish-presencial\/\",\"url\":\"http:\/\/assovil.com\/es\/consulta-jyotish-presencial\/\",\"name\":\"Consulta Jyotish presencial - Assovil\",\"isPartOf\":{\"@id\":\"https:\/\/assovil.com\/#website\"},\"datePublished\":\"2023-06-06T07:06:21+00:00\",\"dateModified\":\"2023-06-07T08:22:59+00:00\",\"breadcrumb\":{\"@id\":\"http:\/\/assovil.com\/es\/consulta-jyotish-presencial\/#breadcrumb\"},\"inLanguage\":\"es\",\"potentialAction\":[{\"@type\":\"ReadAction\",\"target\":[\"http:\/\/assovil.com\/es\/consulta-jyotish-presencial\/\"]}]},{\"@type\":\"BreadcrumbList\",\"@id\":\"http:\/\/assovil.com\/es\/consulta-jyotish-presencial\/#breadcrumb\",\"itemListElement\":[{\"@type\":\"ListItem\",\"position\":1,\"name\":\"Portada\",\"item\":\"http:\/\/assovil.com\/es\/\"},{\"@type\":\"ListItem\",\"position\":2,\"name\":\"Consulta Jyotish presencial\"}]},{\"@type\":\"WebSite\",\"@id\":\"https:\/\/assovil.com\/#website\",\"url\":\"https:\/\/assovil.com\/\",\"name\":\"Assovil\",\"description\":\"\",\"potentialAction\":[{\"@type\":\"SearchAction\",\"target\":{\"@type\":\"EntryPoint\",\"urlTemplate\":\"https:\/\/assovil.com\/?s={search_term_string}\"},\"query-input\":\"required name=search_term_string\"}],\"inLanguage\":\"es\"}]}<\/script>\n<!-- \/ Yoast SEO plugin. -->","yoast_head_json":{"title":"Consulta Jyotish presencial - Assovil","robots":{"index":"index","follow":"follow","max-snippet":"max-snippet:-1","max-image-preview":"max-image-preview:large","max-video-preview":"max-video-preview:-1"},"canonical":"http:\/\/assovil.com\/es\/consulta-jyotish-presencial\/","og_locale":"es_ES","og_type":"article","og_title":"Consulta Jyotish presencial - Assovil","og_description":"[vc_row type=\u00bbin_container\u00bb full_screen_row_position=\u00bbmiddle\u00bb column_margin=\u00bbdefault\u00bb column_direction=\u00bbdefault\u00bb column_direction_tablet=\u00bbdefault\u00bb column_direction_phone=\u00bbdefault\u00bb scene_position=\u00bbcenter\u00bb top_padding=\u00bb50&#8243; constrain_group_1=\u00bbyes\u00bb bottom_padding=\u00bb50&#8243; text_color=\u00bbdark\u00bb text_align=\u00bbleft\u00bb row_border_radius=\u00bbnone\u00bb row_border_radius_applies=\u00bbbg\u00bb overflow=\u00bbvisible\u00bb overlay_strength=\u00bb0.3&#8243; gradient_direction=\u00bbleft_to_right\u00bb shape_divider_position=\u00bbbottom\u00bb bg_image_animation=\u00bbnone\u00bb gradient_type=\u00bbdefault\u00bb shape_type=\u00bb\u00bb][vc_column column_padding=\u00bbno-extra-padding\u00bb column_padding_tablet=\u00bbinherit\u00bb column_padding_phone=\u00bbinherit\u00bb column_padding_position=\u00bball\u00bb column_element_direction_desktop=\u00bbdefault\u00bb column_element_spacing=\u00bbdefault\u00bb desktop_text_alignment=\u00bbdefault\u00bb tablet_text_alignment=\u00bbdefault\u00bb...","og_url":"http:\/\/assovil.com\/es\/consulta-jyotish-presencial\/","og_site_name":"Assovil","article_modified_time":"2023-06-07T08:22:59+00:00","twitter_card":"summary_large_image","twitter_misc":{"Tiempo de lectura":"2 minutos"},"schema":{"@context":"https:\/\/schema.org","@graph":[{"@type":"WebPage","@id":"http:\/\/assovil.com\/es\/consulta-jyotish-presencial\/","url":"http:\/\/assovil.com\/es\/consulta-jyotish-presencial\/","name":"Consulta Jyotish presencial - Assovil","isPartOf":{"@id":"https:\/\/assovil.com\/#website"},"datePublished":"2023-06-06T07:06:21+00:00","dateModified":"2023-06-07T08:22:59+00:00","breadcrumb":{"@id":"http:\/\/assovil.com\/es\/consulta-jyotish-presencial\/#breadcrumb"},"inLanguage":"es","potentialAction":[{"@type":"ReadAction","target":["http:\/\/assovil.com\/es\/consulta-jyotish-presencial\/"]}]},{"@type":"BreadcrumbList","@id":"http:\/\/assovil.com\/es\/consulta-jyotish-presencial\/#breadcrumb","itemListElement":[{"@type":"ListItem","position":1,"name":"Portada","item":"http:\/\/assovil.com\/es\/"},{"@type":"ListItem","position":2,"name":"Consulta Jyotish presencial"}]},{"@type":"WebSite","@id":"https:\/\/assovil.com\/#website","url":"https:\/\/assovil.com\/","name":"Assovil","description":"","potentialAction":[{"@type":"SearchAction","target":{"@type":"EntryPoint","urlTemplate":"https:\/\/assovil.com\/?s={search_term_string}"},"query-input":"required name=search_term_string"}],"inLanguage":"es"}]}},"_links":{"self":[{"href":"http:\/\/assovil.com\/es\/wp-json\/wp\/v2\/pages\/5193","targetHints":{"allow":["GET"]}}],"collection":[{"href":"http:\/\/assovil.com\/es\/wp-json\/wp\/v2\/pages"}],"about":[{"href":"http:\/\/assovil.com\/es\/wp-json\/wp\/v2\/types\/page"}],"author":[{"embeddable":true,"href":"http:\/\/assovil.com\/es\/wp-json\/wp\/v2\/users\/1"}],"replies":[{"embeddable":true,"href":"http:\/\/assovil.com\/es\/wp-json\/wp\/v2\/comments?post=5193"}],"version-history":[{"count":1,"href":"http:\/\/assovil.com\/es\/wp-json\/wp\/v2\/pages\/5193\/revisions"}],"predecessor-version":[{"id":5194,"href":"http:\/\/assovil.com\/es\/wp-json\/wp\/v2\/pages\/5193\/revisions\/5194"}],"wp:attachment":[{"href":"http:\/\/assovil.com\/es\/wp-json\/wp\/v2\/media?parent=5193"}],"curies":[{"name":"wp","href":"https:\/\/api.w.org\/{rel}","templated":true}]}}