{"id":5145,"date":"2023-06-06T06:47:32","date_gmt":"2023-06-06T06:47:32","guid":{"rendered":"http:\/\/assovil.com\/consulta-mentoring\/"},"modified":"2023-06-07T07:27:59","modified_gmt":"2023-06-07T07:27:59","slug":"consulta-mentoring","status":"publish","type":"page","link":"http:\/\/assovil.com\/es\/consulta-mentoring\/","title":{"rendered":"Consulta Mentoring"},"content":{"rendered":"[vc_row type=\u00bbin_container\u00bb full_screen_row_position=\u00bbmiddle\u00bb column_margin=\u00bbdefault\u00bb equal_height=\u00bbyes\u00bb content_placement=\u00bbtop\u00bb column_direction=\u00bbdefault\u00bb column_direction_tablet=\u00bbdefault\u00bb column_direction_phone=\u00bbdefault\u00bb scene_position=\u00bbcenter\u00bb top_padding=\u00bb50&#8243; constrain_group_1=\u00bbyes\u00bb bottom_padding=\u00bb50&#8243; text_color=\u00bbdark\u00bb text_align=\u00bbleft\u00bb row_border_radius=\u00bbnone\u00bb row_border_radius_applies=\u00bbbg\u00bb overflow=\u00bbvisible\u00bb overlay_strength=\u00bb0.3&#8243; gradient_direction=\u00bbleft_to_right\u00bb shape_divider_position=\u00bbbottom\u00bb bg_image_animation=\u00bbnone\u00bb gradient_type=\u00bbdefault\u00bb shape_type=\u00bb\u00bb][vc_column column_padding=\u00bbpadding-3-percent\u00bb column_padding_tablet=\u00bbinherit\u00bb column_padding_phone=\u00bbinherit\u00bb column_padding_position=\u00bball\u00bb column_element_direction_desktop=\u00bbdefault\u00bb column_element_spacing=\u00bbdefault\u00bb desktop_text_alignment=\u00bbdefault\u00bb tablet_text_alignment=\u00bbdefault\u00bb phone_text_alignment=\u00bbdefault\u00bb background_color=\u00bbrgba(0,0,0,0.06)\u00bb background_color_opacity=\u00bb1&#8243; background_hover_color_opacity=\u00bb1&#8243; column_backdrop_filter=\u00bbnone\u00bb column_shadow=\u00bbnone\u00bb column_border_radius=\u00bb5px\u00bb column_link_target=\u00bb_self\u00bb column_position=\u00bbdefault\u00bb gradient_direction=\u00bbleft_to_right\u00bb overlay_strength=\u00bb0.3&#8243; width=\u00bb1\/2&#8243; tablet_width_inherit=\u00bbdefault\u00bb animation_type=\u00bbdefault\u00bb bg_image_animation=\u00bbnone\u00bb border_type=\u00bbsimple\u00bb column_border_width=\u00bbnone\u00bb column_border_style=\u00bbsolid\u00bb column_padding_type=\u00bbdefault\u00bb gradient_type=\u00bbdefault\u00bb][vc_column_text]\n<h2><strong>CONSULTA DE MENTOR\u00cdA PERSONAL<\/strong><br \/>\n<strong>Redescubrimiento y Autoconocimiento<\/strong><\/h2>\n<p>Mucho m\u00e1s que una pr\u00e1ctica, una herramienta o una metodolog\u00eda, una terapia personal, la sociedad debe fomentar una cultura de mentor\u00eda. Desde tiempos remotos y en todas las tradiciones, ha habido mentores, creando una cultura en la que est\u00e9n presentes los valores de la fe en las personas, la confianza, la generosidad, la consideraci\u00f3n, el respeto, el di\u00e1logo, el ejemplo, la coherencia y el amor.<\/p>\n<p>Una consulta enfocada y destinada principalmente a encontrar el equilibrio en y para el momento presente de la persona a trav\u00e9s del conocimiento, y puesta en pr\u00e1ctica terap\u00e9uticamente mediante diferentes t\u00e9cnicas y consejos.<\/p>\n<p>Con un seguimiento de consultas para ayudarte a encontrar las herramientas m\u00e1s adecuadas en tu caso, con el objetivo de ser consciente de tu escena y poder autogestionarte a ti mismo\/a en las posibles situaciones futuras, logrando as\u00ed tus objetivos.<\/p>\n<p><strong>A qui\u00e9n va dirigido este estudio:<\/strong><\/p>\n<p>&#8211; Personas que se exigen demasiado, les cuesta tolerar el error y no disfrutan de lo que emprenden.<br \/>\n&#8211; Sin una presi\u00f3n sobre ti, tienes problemas con las relaciones, con las emociones, en el trabajo.<br \/>\n&#8211; Te cuesta relacionarte con tu entorno, ya sea hacer nuevas amistades o mejorar las existentes: decir \u00abno\u00bb sin sentir culpabilidad, realizar peticiones, gestionar cr\u00edticas, expresar opini\u00f3n o desagrado.<br \/>\n&#8211; Si quieres profundizar en tu autoconocimiento y desarrollo personal.<br \/>\n&#8211; Personas que se enfadan r\u00e1pidamente, de manera explosiva, y les cuesta gestionar ese estado.<br \/>\n&#8211; Reconectar con tu propia esencia vital y equilibrarla con la vida que llevas habitualmente.<br \/>\n&#8211; Personas que sienten miedo, ansiedad y no se atreven a emprender nuevos proyectos o hacer cambios.<br \/>\n&#8211; Cu\u00e1l es la causa y c\u00f3mo mejorar un problema o situaci\u00f3n que se repite en tu vida.<br \/>\n&#8211; Necesitas orientaci\u00f3n en este momento de tu vida.<br \/>\n&#8211; Personas con baja autoestima, que no se valoran, les cuesta ver o reconocer sus virtudes, solo se centran en sus defectos y sienten que no valen la pena.<br \/>\n&#8211; Personas con estado de \u00e1nimo bajo, desmotivadas, que les cuesta disfrutar.<\/p>\n<p><strong>\u00bfEn qu\u00e9 consiste la consulta?<\/strong><\/p>\n<p>En un primer contacto v\u00eda correo electr\u00f3nico o WhatsApp, necesito saber el motivo de tu consulta, \u00abno se necesitan detalles si no se desea\u00bb, pero s\u00ed lo que te ha llevado hasta aqu\u00ed. A continuaci\u00f3n, acordamos d\u00eda y hora para la consulta, ya sea de forma presencial y\/o a trav\u00e9s de medios telem\u00e1ticos.<\/p>\n<p>Durante la sesi\u00f3n, se evaluar\u00e1 la mejor manera de abordar el tema, situaci\u00f3n o problema en cuesti\u00f3n, teniendo en cuenta tus necesidades.<\/p>\n<p><strong>\u00bfCu\u00e1nto tiempo dura?<\/strong><\/p>\n<p>Depende de la complejidad que vayamos encontrando: entre 3 y 6 sesiones, dependiendo de lo que se quiera trabajar.<\/p>\n<p>Con una duraci\u00f3n aproximada de una hora por sesi\u00f3n, seg\u00fan tus necesidades.<\/p>\n<p><strong>\u00bfC\u00f3mo se abonar\u00e1 el importe?<\/strong><\/p>\n<p>El importe de la consulta\/estudio es de 57 euros.<\/p>\n<p>Antes de realizar la consulta en l\u00ednea a trav\u00e9s de PayPal \/ transferencia a la Cuenta de BB[\/vc_column_text][\/vc_column][vc_column column_padding=\u00bbpadding-3-percent\u00bb column_padding_tablet=\u00bbinherit\u00bb column_padding_phone=\u00bbinherit\u00bb column_padding_position=\u00bball\u00bb column_element_direction_desktop=\u00bbdefault\u00bb column_element_spacing=\u00bbdefault\u00bb desktop_text_alignment=\u00bbdefault\u00bb tablet_text_alignment=\u00bbdefault\u00bb phone_text_alignment=\u00bbdefault\u00bb background_color=\u00bbrgba(0,0,0,0.06)\u00bb background_color_opacity=\u00bb1&#8243; background_hover_color_opacity=\u00bb1&#8243; column_backdrop_filter=\u00bbnone\u00bb column_shadow=\u00bbnone\u00bb column_border_radius=\u00bbnone\u00bb column_link_target=\u00bb_self\u00bb column_position=\u00bbdefault\u00bb gradient_direction=\u00bbleft_to_right\u00bb overlay_strength=\u00bb0.3&#8243; width=\u00bb1\/2&#8243; tablet_width_inherit=\u00bbdefault\u00bb animation_type=\u00bbdefault\u00bb bg_image_animation=\u00bbnone\u00bb border_type=\u00bbsimple\u00bb column_border_width=\u00bbnone\u00bb column_border_style=\u00bbsolid\u00bb column_padding_type=\u00bbdefault\u00bb gradient_type=\u00bbdefault\u00bb][vc_column_text]\n<h2><strong>CONSULTOR\u00cdA DE MENTOR\u00cdA PARA ARQUITECTOS \/ PARTICULARES<\/strong><\/h2>\n<p><strong>Redescubrimiento y Autoconocimiento<\/strong><\/p>\n<p>Mucho m\u00e1s que una pr\u00e1ctica, una herramienta o una metodolog\u00eda, nuestra consultor\u00eda de mentoring es una terapia personal, un acompa\u00f1amiento, con asesoramiento completo en muchos \u00e1mbitos.<\/p>\n<p>Desde tiempos remotos y en todas las tradiciones, ha habido mentores, creando una cultura en la que est\u00e9n presentes los valores de la fe en las personas, la confianza, la generosidad, la consideraci\u00f3n, el respeto, el di\u00e1logo, el ejemplo, la coherencia y el amor, poniendo nuestro conocimiento a tu disposici\u00f3n.<\/p>\n<p>Una consultor\u00eda enfocada y destinada principalmente a encontrar el equilibrio en tus objetivos\/proyectos, y puesta en pr\u00e1ctica terap\u00e9uticamente mediante diferentes t\u00e9cnicas y consejos.<\/p>\n<p>Con un seguimiento de consultas\/consultor\u00edas para ayudarte a encontrar las herramientas m\u00e1s adecuadas en tu caso.<\/p>\n<p>Con el objetivo de ser consciente de tu escena y poder autogestionarte a ti mismo\/a en las posibles situaciones futuras, para as\u00ed alcanzar tus objetivos.<\/p>\n<p><strong>\u00bfA qui\u00e9n est\u00e1 destinado?<\/strong><\/p>\n<p>&#8211; \u00bfQuieres emprender un nuevo objetivo\/proyecto y quieres sentirte acompa\u00f1ado\/a y asesorado\/a?<br \/>\n&#8211; \u00bfYa tienes experiencia pero ha surgido un nuevo proyecto y necesitas asesoramiento?<br \/>\n&#8211; \u00bfTienes un proyecto pero no dispones de tiempo para gestionarlo t\u00fa solo\/a?<br \/>\n&#8211; \u00bfNo encuentras profesionales calificados para llevar a cabo las diferentes partes de un proyecto o idea?<\/p>\n<p>&#8211; Personas que se exigen demasiado, les cuesta tolerar el error y no disfrutan de lo que emprenden.<br \/>\n&#8211; Personas que sienten miedo, ansiedad y no se atreven a emprender nuevos proyectos o hacer cambios.<br \/>\n&#8211; Te cuesta relacionarte con tu entorno, ya sea hacer nuevas amistades o mejorar las existentes: decir \u00abno\u00bb sin sentir culpabilidad, realizar peticiones, gestionar cr\u00edticas, expresar opini\u00f3n o desagrado.<br \/>\n&#8211; Si quieres profundizar en tu autoconocimiento y desarrollo personal.<br \/>\n&#8211; Personas que se enfadan r\u00e1pidamente, de manera explosiva, y les cuesta gestionar ese estado.<br \/>\n&#8211; Reconectar con tu propia esencia vital y equilibrarla con la vida que llevas habitualmente.<br \/>\n&#8211; Cu\u00e1l es la causa y c\u00f3mo mejorar un problema o situaci\u00f3n que se repite en tu vida.<br \/>\n&#8211; Necesitas orientaci\u00f3n en este momento de tu vida.<br \/>\n&#8211; Personas con baja autoestima, que no se valoran, les cuesta ver o reconocer sus virtudes, solo se centran en sus defectos y sienten que no valen la pena.<br \/>\n&#8211; Personas con estado de \u00e1nimo bajo, desmotivadas, que les cuesta disfrutar.<\/p>\n<p><strong>\u00bfEn qu\u00e9 consiste la consulta?<\/strong><\/p>\n<p>En un primer contacto v\u00eda correo electr\u00f3nico, WhatsApp o telef\u00f3nico, necesito saber el motivo de tu consulta, \u00abno se necesitan detalles si no se desea\u00bb, pero s\u00ed lo que te ha llevado hasta aqu\u00ed, para saber si podemos ayudarte a alcanzar tus objetivos. A continuaci\u00f3n, buscamos d\u00eda y hora para la primera consulta, ya sea de forma presencial y\/o a trav\u00e9s de medios telem\u00e1ticos.<\/p>\n<p>Durante la sesi\u00f3n, se evaluar\u00e1 la mejor manera de abordar el tema, situaci\u00f3n o problema en cuesti\u00f3n, teniendo en cuenta tus necesidades[\/vc_column_text][\/vc_column][\/vc_row][vc_row type=\u00bbfull_width_background\u00bb full_screen_row_position=\u00bbmiddle\u00bb column_margin=\u00bbdefault\u00bb column_direction=\u00bbdefault\u00bb column_direction_tablet=\u00bbdefault\u00bb column_direction_phone=\u00bbdefault\u00bb bg_color=\u00bb#fccc04&#8243; scene_position=\u00bbcenter\u00bb top_padding=\u00bb50&#8243; constrain_group_1=\u00bbyes\u00bb bottom_padding=\u00bb50&#8243; text_color=\u00bbdark\u00bb text_align=\u00bbleft\u00bb row_border_radius=\u00bbnone\u00bb row_border_radius_applies=\u00bbbg\u00bb overflow=\u00bbvisible\u00bb overlay_strength=\u00bb0.3&#8243; gradient_direction=\u00bbleft_to_right\u00bb shape_divider_position=\u00bbbottom\u00bb bg_image_animation=\u00bbnone\u00bb gradient_type=\u00bbdefault\u00bb shape_type=\u00bb\u00bb][vc_column column_padding=\u00bbno-extra-padding\u00bb column_padding_tablet=\u00bbinherit\u00bb column_padding_phone=\u00bbinherit\u00bb column_padding_position=\u00bball\u00bb column_element_direction_desktop=\u00bbdefault\u00bb column_element_spacing=\u00bbdefault\u00bb centered_text=\u00bbtrue\u00bb desktop_text_alignment=\u00bbdefault\u00bb tablet_text_alignment=\u00bbdefault\u00bb phone_text_alignment=\u00bbdefault\u00bb background_color_opacity=\u00bb1&#8243; background_hover_color_opacity=\u00bb1&#8243; column_backdrop_filter=\u00bbnone\u00bb column_shadow=\u00bbnone\u00bb column_border_radius=\u00bbnone\u00bb column_link_target=\u00bb_self\u00bb column_position=\u00bbdefault\u00bb gradient_direction=\u00bbleft_to_right\u00bb overlay_strength=\u00bb0.3&#8243; width=\u00bb1\/1&#8243; tablet_width_inherit=\u00bbdefault\u00bb animation_type=\u00bbdefault\u00bb bg_image_animation=\u00bbnone\u00bb border_type=\u00bbsimple\u00bb column_border_width=\u00bbnone\u00bb column_border_style=\u00bbsolid\u00bb column_padding_type=\u00bbdefault\u00bb gradient_type=\u00bbdefault\u00bb][split_line_heading animation_type=\u00bbline-reveal-by-space\u00bb font_style=\u00bbh3&#8243; text_color=\u00bb#363032&#8243; line_reveal_by_space_text_effect=\u00bbdefault\u00bb content_alignment=\u00bbdefault\u00bb mobile_content_alignment=\u00bbinherit\u00bb link_target=\u00bb_self\u00bb text_content=\u00bbSI TENS QUALSEVOL DUBTE O VOLS M\u00c9S INFORMACI\u00d3\u00bb][\/split_line_heading][divider line_type=\u00bbNo Line\u00bb][nectar_btn size=\u00bbjumbo\u00bb open_new_tab=\u00bbtrue\u00bb button_style=\u00bbsee-through-2&#8243; hover_color_override=\u00bb#363032&#8243; hover_text_color_override=\u00bb#ffffff\u00bb icon_family=\u00bbnone\u00bb text=\u00bbContacta amb nosaltres!\u00bb url=\u00bbhttp:\/\/assovil.com\/contacte\/\u00bb][\/vc_column][\/vc_row]\n","protected":false},"excerpt":{"rendered":"<p>[vc_row type=\u00bbin_container\u00bb full_screen_row_position=\u00bbmiddle\u00bb column_margin=\u00bbdefault\u00bb equal_height=\u00bbyes\u00bb content_placement=\u00bbtop\u00bb column_direction=\u00bbdefault\u00bb column_direction_tablet=\u00bbdefault\u00bb column_direction_phone=\u00bbdefault\u00bb scene_position=\u00bbcenter\u00bb top_padding=\u00bb50&#8243; constrain_group_1=\u00bbyes\u00bb bottom_padding=\u00bb50&#8243; text_color=\u00bbdark\u00bb text_align=\u00bbleft\u00bb row_border_radius=\u00bbnone\u00bb row_border_radius_applies=\u00bbbg\u00bb overflow=\u00bbvisible\u00bb overlay_strength=\u00bb0.3&#8243; gradient_direction=\u00bbleft_to_right\u00bb shape_divider_position=\u00bbbottom\u00bb bg_image_animation=\u00bbnone\u00bb gradient_type=\u00bbdefault\u00bb shape_type=\u00bb\u00bb][vc_column column_padding=\u00bbpadding-3-percent\u00bb column_padding_tablet=\u00bbinherit\u00bb column_padding_phone=\u00bbinherit\u00bb column_padding_position=\u00bball\u00bb column_element_direction_desktop=\u00bbdefault\u00bb column_element_spacing=\u00bbdefault\u00bb&#8230;<\/p>\n","protected":false},"author":1,"featured_media":0,"parent":0,"menu_order":0,"comment_status":"closed","ping_status":"closed","template":"","meta":{"footnotes":""},"class_list":["post-5145","page","type-page","status-publish"],"yoast_head":"<!-- This site is optimized with the Yoast SEO plugin v20.8 - https:\/\/yoast.com\/wordpress\/plugins\/seo\/ -->\n<title>Consulta Mentoring - Assovil<\/title>\n<meta name=\"robots\" content=\"index, follow, max-snippet:-1, max-image-preview:large, max-video-preview:-1\" \/>\n<link rel=\"canonical\" href=\"http:\/\/assovil.com\/es\/consulta-mentoring\/\" \/>\n<meta property=\"og:locale\" content=\"es_ES\" \/>\n<meta property=\"og:type\" content=\"article\" \/>\n<meta property=\"og:title\" content=\"Consulta Mentoring - Assovil\" \/>\n<meta property=\"og:description\" content=\"[vc_row type=\u00bbin_container\u00bb full_screen_row_position=\u00bbmiddle\u00bb column_margin=\u00bbdefault\u00bb equal_height=\u00bbyes\u00bb content_placement=\u00bbtop\u00bb column_direction=\u00bbdefault\u00bb column_direction_tablet=\u00bbdefault\u00bb column_direction_phone=\u00bbdefault\u00bb scene_position=\u00bbcenter\u00bb top_padding=\u00bb50&#8243; constrain_group_1=\u00bbyes\u00bb bottom_padding=\u00bb50&#8243; text_color=\u00bbdark\u00bb text_align=\u00bbleft\u00bb row_border_radius=\u00bbnone\u00bb row_border_radius_applies=\u00bbbg\u00bb overflow=\u00bbvisible\u00bb overlay_strength=\u00bb0.3&#8243; gradient_direction=\u00bbleft_to_right\u00bb shape_divider_position=\u00bbbottom\u00bb bg_image_animation=\u00bbnone\u00bb gradient_type=\u00bbdefault\u00bb shape_type=\u00bb\u00bb][vc_column column_padding=\u00bbpadding-3-percent\u00bb column_padding_tablet=\u00bbinherit\u00bb column_padding_phone=\u00bbinherit\u00bb column_padding_position=\u00bball\u00bb column_element_direction_desktop=\u00bbdefault\u00bb column_element_spacing=\u00bbdefault\u00bb...\" \/>\n<meta property=\"og:url\" content=\"http:\/\/assovil.com\/es\/consulta-mentoring\/\" \/>\n<meta property=\"og:site_name\" content=\"Assovil\" \/>\n<meta property=\"article:modified_time\" content=\"2023-06-07T07:27:59+00:00\" \/>\n<meta name=\"twitter:card\" content=\"summary_large_image\" \/>\n<meta name=\"twitter:label1\" content=\"Tiempo de lectura\" \/>\n\t<meta name=\"twitter:data1\" content=\"5 minutos\" \/>\n<script type=\"application\/ld+json\" class=\"yoast-schema-graph\">{\"@context\":\"https:\/\/schema.org\",\"@graph\":[{\"@type\":\"WebPage\",\"@id\":\"http:\/\/assovil.com\/es\/consulta-mentoring\/\",\"url\":\"http:\/\/assovil.com\/es\/consulta-mentoring\/\",\"name\":\"Consulta Mentoring - Assovil\",\"isPartOf\":{\"@id\":\"https:\/\/assovil.com\/#website\"},\"datePublished\":\"2023-06-06T06:47:32+00:00\",\"dateModified\":\"2023-06-07T07:27:59+00:00\",\"breadcrumb\":{\"@id\":\"http:\/\/assovil.com\/es\/consulta-mentoring\/#breadcrumb\"},\"inLanguage\":\"es\",\"potentialAction\":[{\"@type\":\"ReadAction\",\"target\":[\"http:\/\/assovil.com\/es\/consulta-mentoring\/\"]}]},{\"@type\":\"BreadcrumbList\",\"@id\":\"http:\/\/assovil.com\/es\/consulta-mentoring\/#breadcrumb\",\"itemListElement\":[{\"@type\":\"ListItem\",\"position\":1,\"name\":\"Portada\",\"item\":\"https:\/\/assovil.com\/es\/\"},{\"@type\":\"ListItem\",\"position\":2,\"name\":\"Consulta Mentoring\"}]},{\"@type\":\"WebSite\",\"@id\":\"https:\/\/assovil.com\/#website\",\"url\":\"https:\/\/assovil.com\/\",\"name\":\"Assovil\",\"description\":\"\",\"potentialAction\":[{\"@type\":\"SearchAction\",\"target\":{\"@type\":\"EntryPoint\",\"urlTemplate\":\"https:\/\/assovil.com\/?s={search_term_string}\"},\"query-input\":\"required name=search_term_string\"}],\"inLanguage\":\"es\"}]}<\/script>\n<!-- \/ Yoast SEO plugin. -->","yoast_head_json":{"title":"Consulta Mentoring - Assovil","robots":{"index":"index","follow":"follow","max-snippet":"max-snippet:-1","max-image-preview":"max-image-preview:large","max-video-preview":"max-video-preview:-1"},"canonical":"http:\/\/assovil.com\/es\/consulta-mentoring\/","og_locale":"es_ES","og_type":"article","og_title":"Consulta Mentoring - Assovil","og_description":"[vc_row type=\u00bbin_container\u00bb full_screen_row_position=\u00bbmiddle\u00bb column_margin=\u00bbdefault\u00bb equal_height=\u00bbyes\u00bb content_placement=\u00bbtop\u00bb column_direction=\u00bbdefault\u00bb column_direction_tablet=\u00bbdefault\u00bb column_direction_phone=\u00bbdefault\u00bb scene_position=\u00bbcenter\u00bb top_padding=\u00bb50&#8243; constrain_group_1=\u00bbyes\u00bb bottom_padding=\u00bb50&#8243; text_color=\u00bbdark\u00bb text_align=\u00bbleft\u00bb row_border_radius=\u00bbnone\u00bb row_border_radius_applies=\u00bbbg\u00bb overflow=\u00bbvisible\u00bb overlay_strength=\u00bb0.3&#8243; gradient_direction=\u00bbleft_to_right\u00bb shape_divider_position=\u00bbbottom\u00bb bg_image_animation=\u00bbnone\u00bb gradient_type=\u00bbdefault\u00bb shape_type=\u00bb\u00bb][vc_column column_padding=\u00bbpadding-3-percent\u00bb column_padding_tablet=\u00bbinherit\u00bb column_padding_phone=\u00bbinherit\u00bb column_padding_position=\u00bball\u00bb column_element_direction_desktop=\u00bbdefault\u00bb column_element_spacing=\u00bbdefault\u00bb...","og_url":"http:\/\/assovil.com\/es\/consulta-mentoring\/","og_site_name":"Assovil","article_modified_time":"2023-06-07T07:27:59+00:00","twitter_card":"summary_large_image","twitter_misc":{"Tiempo de lectura":"5 minutos"},"schema":{"@context":"https:\/\/schema.org","@graph":[{"@type":"WebPage","@id":"http:\/\/assovil.com\/es\/consulta-mentoring\/","url":"http:\/\/assovil.com\/es\/consulta-mentoring\/","name":"Consulta Mentoring - Assovil","isPartOf":{"@id":"https:\/\/assovil.com\/#website"},"datePublished":"2023-06-06T06:47:32+00:00","dateModified":"2023-06-07T07:27:59+00:00","breadcrumb":{"@id":"http:\/\/assovil.com\/es\/consulta-mentoring\/#breadcrumb"},"inLanguage":"es","potentialAction":[{"@type":"ReadAction","target":["http:\/\/assovil.com\/es\/consulta-mentoring\/"]}]},{"@type":"BreadcrumbList","@id":"http:\/\/assovil.com\/es\/consulta-mentoring\/#breadcrumb","itemListElement":[{"@type":"ListItem","position":1,"name":"Portada","item":"https:\/\/assovil.com\/es\/"},{"@type":"ListItem","position":2,"name":"Consulta Mentoring"}]},{"@type":"WebSite","@id":"https:\/\/assovil.com\/#website","url":"https:\/\/assovil.com\/","name":"Assovil","description":"","potentialAction":[{"@type":"SearchAction","target":{"@type":"EntryPoint","urlTemplate":"https:\/\/assovil.com\/?s={search_term_string}"},"query-input":"required name=search_term_string"}],"inLanguage":"es"}]}},"_links":{"self":[{"href":"http:\/\/assovil.com\/es\/wp-json\/wp\/v2\/pages\/5145","targetHints":{"allow":["GET"]}}],"collection":[{"href":"http:\/\/assovil.com\/es\/wp-json\/wp\/v2\/pages"}],"about":[{"href":"http:\/\/assovil.com\/es\/wp-json\/wp\/v2\/types\/page"}],"author":[{"embeddable":true,"href":"http:\/\/assovil.com\/es\/wp-json\/wp\/v2\/users\/1"}],"replies":[{"embeddable":true,"href":"http:\/\/assovil.com\/es\/wp-json\/wp\/v2\/comments?post=5145"}],"version-history":[{"count":3,"href":"http:\/\/assovil.com\/es\/wp-json\/wp\/v2\/pages\/5145\/revisions"}],"predecessor-version":[{"id":5148,"href":"http:\/\/assovil.com\/es\/wp-json\/wp\/v2\/pages\/5145\/revisions\/5148"}],"wp:attachment":[{"href":"http:\/\/assovil.com\/es\/wp-json\/wp\/v2\/media?parent=5145"}],"curies":[{"name":"wp","href":"https:\/\/api.w.org\/{rel}","templated":true}]}}