{"id":5139,"date":"2023-06-06T06:36:27","date_gmt":"2023-06-06T06:36:27","guid":{"rendered":"http:\/\/assovil.com\/estudi-complet-de-vastu-shastra-presencial\/"},"modified":"2023-06-07T07:13:15","modified_gmt":"2023-06-07T07:13:15","slug":"estudi-complet-de-vastu-shastra-presencial","status":"publish","type":"page","link":"http:\/\/assovil.com\/es\/estudi-complet-de-vastu-shastra-presencial\/","title":{"rendered":"Estudio completo de Vastu Shastra presencial"},"content":{"rendered":"[vc_row type=\u00bbin_container\u00bb full_screen_row_position=\u00bbmiddle\u00bb column_margin=\u00bbdefault\u00bb column_direction=\u00bbdefault\u00bb column_direction_tablet=\u00bbdefault\u00bb column_direction_phone=\u00bbdefault\u00bb scene_position=\u00bbcenter\u00bb top_padding=\u00bb50&#8243; constrain_group_1=\u00bbyes\u00bb bottom_padding=\u00bb50&#8243; text_color=\u00bbdark\u00bb text_align=\u00bbleft\u00bb row_border_radius=\u00bbnone\u00bb row_border_radius_applies=\u00bbbg\u00bb overflow=\u00bbvisible\u00bb overlay_strength=\u00bb0.3&#8243; gradient_direction=\u00bbleft_to_right\u00bb shape_divider_position=\u00bbbottom\u00bb bg_image_animation=\u00bbnone\u00bb gradient_type=\u00bbdefault\u00bb shape_type=\u00bb\u00bb][vc_column column_padding=\u00bbno-extra-padding\u00bb column_padding_tablet=\u00bbinherit\u00bb column_padding_phone=\u00bbinherit\u00bb column_padding_position=\u00bball\u00bb column_element_direction_desktop=\u00bbdefault\u00bb column_element_spacing=\u00bbdefault\u00bb desktop_text_alignment=\u00bbdefault\u00bb tablet_text_alignment=\u00bbdefault\u00bb phone_text_alignment=\u00bbdefault\u00bb background_color_opacity=\u00bb1&#8243; background_hover_color_opacity=\u00bb1&#8243; column_backdrop_filter=\u00bbnone\u00bb column_shadow=\u00bbnone\u00bb column_border_radius=\u00bbnone\u00bb column_link_target=\u00bb_self\u00bb column_position=\u00bbdefault\u00bb gradient_direction=\u00bbleft_to_right\u00bb overlay_strength=\u00bb0.3&#8243; width=\u00bb1\/1&#8243; tablet_width_inherit=\u00bbdefault\u00bb animation_type=\u00bbdefault\u00bb bg_image_animation=\u00bbnone\u00bb border_type=\u00bbsimple\u00bb column_border_width=\u00bbnone\u00bb column_border_style=\u00bbsolid\u00bb][vc_column_text]\n<h2><strong>ESTUDIO COMPLETO DE VASTU SHASTRA PRESENCIAL<\/strong><br \/>\n<strong>Arquitectura ancestral<\/strong><\/h2>\n<p>Vastu Shastra: Organiza tu casa para atraer buenas energ\u00edas<\/p>\n<p>El lugar en el que vivimos nos afecta, ya sea de manera positiva o negativa.<\/p>\n<p>Un lugar con estr\u00e9s produce enfermedades, problemas econ\u00f3micos y conflictos familiares.<\/p>\n<p>Por el contrario, si tu casa es arm\u00f3nica, la vida se vuelve m\u00e1s f\u00e1cil y la energ\u00eda fluye.<\/p>\n<p>Es una ciencia milenaria que utiliza la energ\u00eda geomagn\u00e9tica de la tierra para construir edificios saludables y crear un espacio sagrado en cualquier lugar.<\/p>\n<p>&nbsp;<\/p>\n<p><strong>\u00bfC\u00f3mo te afecta la energ\u00eda de tu hogar y cu\u00e1l es la mejor ubicaci\u00f3n de los ambientes?<\/strong><\/p>\n<p>El estudio de Vastu explica c\u00f3mo los cinco elementos (tierra, agua, fuego, aire y espacio) est\u00e1n en perfecto equilibrio en la naturaleza.<\/p>\n<p>Cuando se construye un edificio, este equilibrio se altera y puede tener un impacto en nuestros cuerpos, mentes y esp\u00edritus.<\/p>\n<p>A trav\u00e9s de esta ciencia arquitect\u00f3nica ancestral, es posible aprender c\u00f3mo crear un espacio sagrado adecuado en cualquier entorno.<\/p>\n<p>&nbsp;<\/p>\n<p><strong>\u00bfA qui\u00e9n est\u00e1 destinado este estudio?<\/strong><\/p>\n<p>Si las cosas no te van del todo bien desde que te has mudado de casa o negocio y no logras entender por qu\u00e9.<\/p>\n<p>Antes de comprar un piso, casa, terreno o finca, es un buen momento para conocer la calidad bi\u00f3tica del terreno y as\u00ed poder evaluar o ayudarte a decidir la opci\u00f3n de compra o alquiler, y tomar la decisi\u00f3n m\u00e1s acertada sabiendo c\u00f3mo este espacio podr\u00eda afectarte.<\/p>\n<p>O si ya tienes una vivienda o lugar de trabajo, verificar las habitaciones o \u00e1reas donde pasas m\u00e1s tiempo, que tengan una distribuci\u00f3n adecuada, orientaci\u00f3n y est\u00e9n libres de geopat\u00edas.<\/p>\n<p>Si tienes los planos de tu casa o negocio y quieres descubrir c\u00f3mo el espacio est\u00e1 afectando tu vida.<\/p>\n<p>&nbsp;<\/p>\n<p><strong>\u00bfEn qu\u00e9 consiste el estudio?<\/strong><\/p>\n<p>Detectar las carencias seg\u00fan Vastu, identificar las diferentes corrientes magn\u00e9ticas de un piso, casa, finca o terreno y las posibles geopat\u00edas y sus implicaciones.<\/p>\n<p>Correcci\u00f3n de los problemas espec\u00edficos encontrados y adaptar las correcciones teniendo en cuenta a todas las personas que habitan el espacio.<\/p>\n<p>Mejorar la energ\u00eda de tu hogar o negocio.<\/p>\n<p>&nbsp;<\/p>\n<p><strong>\u00bfQu\u00e9 necesito para poder realizar el estudio?<\/strong><\/p>\n<p>Se enviar\u00e1n por correo electr\u00f3nico las im\u00e1genes, planos, la direcci\u00f3n donde se realizar\u00e1 el estudio y, si es posible, las coordenadas, el nombre y tel\u00e9fono de la persona interesada.<\/p>\n<p>Una vez realizado el estudio, se enviar\u00e1n por correo electr\u00f3nico las im\u00e1genes y los documentos de las posibles alteraciones encontradas y las correspondientes explicaciones obtenidas el d\u00eda de la visita.<\/p>\n<p>\u00bfC\u00f3mo se abonar\u00e1 el importe?<\/p>\n<p>El importe del estudio es de 183 EUR. Para desplazamientos superiores a 10 km, se cobrar\u00e1 un suplemento proporcional a la distancia a recorrer de 0,60 cnt por km.<\/p>\n<p>Antes de realizar el estudio, se puede realizar el pago a trav\u00e9s de PayPal\/transferencia a la cuenta BBVA n\u00ba ES3801828177140201614191 o tambi\u00e9n mediante Bizum al 659945517.<\/p>\n<p>Especifica el tipo de estudio elegido, tu nombre y apellido, y la direcci\u00f3n del estudio.[\/vc_column_text][\/vc_column][\/vc_row][vc_row type=\u00bbfull_width_background\u00bb full_screen_row_position=\u00bbmiddle\u00bb column_margin=\u00bbdefault\u00bb column_direction=\u00bbdefault\u00bb column_direction_tablet=\u00bbdefault\u00bb column_direction_phone=\u00bbdefault\u00bb bg_color=\u00bb#fccc04&#8243; scene_position=\u00bbcenter\u00bb top_padding=\u00bb50&#8243; constrain_group_1=\u00bbyes\u00bb bottom_padding=\u00bb50&#8243; text_color=\u00bbdark\u00bb text_align=\u00bbleft\u00bb row_border_radius=\u00bbnone\u00bb row_border_radius_applies=\u00bbbg\u00bb overflow=\u00bbvisible\u00bb overlay_strength=\u00bb0.3&#8243; gradient_direction=\u00bbleft_to_right\u00bb shape_divider_position=\u00bbbottom\u00bb bg_image_animation=\u00bbnone\u00bb gradient_type=\u00bbdefault\u00bb shape_type=\u00bb\u00bb][vc_column column_padding=\u00bbno-extra-padding\u00bb column_padding_tablet=\u00bbinherit\u00bb column_padding_phone=\u00bbinherit\u00bb column_padding_position=\u00bball\u00bb column_element_direction_desktop=\u00bbdefault\u00bb column_element_spacing=\u00bbdefault\u00bb centered_text=\u00bbtrue\u00bb desktop_text_alignment=\u00bbdefault\u00bb tablet_text_alignment=\u00bbdefault\u00bb phone_text_alignment=\u00bbdefault\u00bb background_color_opacity=\u00bb1&#8243; background_hover_color_opacity=\u00bb1&#8243; column_backdrop_filter=\u00bbnone\u00bb column_shadow=\u00bbnone\u00bb column_border_radius=\u00bbnone\u00bb column_link_target=\u00bb_self\u00bb column_position=\u00bbdefault\u00bb gradient_direction=\u00bbleft_to_right\u00bb overlay_strength=\u00bb0.3&#8243; width=\u00bb1\/1&#8243; tablet_width_inherit=\u00bbdefault\u00bb animation_type=\u00bbdefault\u00bb bg_image_animation=\u00bbnone\u00bb border_type=\u00bbsimple\u00bb column_border_width=\u00bbnone\u00bb column_border_style=\u00bbsolid\u00bb column_padding_type=\u00bbdefault\u00bb gradient_type=\u00bbdefault\u00bb][split_line_heading animation_type=\u00bbline-reveal-by-space\u00bb font_style=\u00bbh3&#8243; text_color=\u00bb#363032&#8243; line_reveal_by_space_text_effect=\u00bbdefault\u00bb content_alignment=\u00bbdefault\u00bb mobile_content_alignment=\u00bbinherit\u00bb link_target=\u00bb_self\u00bb text_content=\u00bbSI TENS QUALSEVOL DUBTE O VOLS M\u00c9S INFORMACI\u00d3\u00bb][\/split_line_heading][divider line_type=\u00bbNo Line\u00bb][nectar_btn size=\u00bbjumbo\u00bb open_new_tab=\u00bbtrue\u00bb button_style=\u00bbsee-through-2&#8243; hover_color_override=\u00bb#363032&#8243; hover_text_color_override=\u00bb#ffffff\u00bb icon_family=\u00bbnone\u00bb text=\u00bbContacta amb nosaltres!\u00bb url=\u00bbhttp:\/\/assovil.com\/contacte\/\u00bb][\/vc_column][\/vc_row]\n","protected":false},"excerpt":{"rendered":"<p>[vc_row type=\u00bbin_container\u00bb full_screen_row_position=\u00bbmiddle\u00bb column_margin=\u00bbdefault\u00bb column_direction=\u00bbdefault\u00bb column_direction_tablet=\u00bbdefault\u00bb column_direction_phone=\u00bbdefault\u00bb scene_position=\u00bbcenter\u00bb top_padding=\u00bb50&#8243; constrain_group_1=\u00bbyes\u00bb bottom_padding=\u00bb50&#8243; text_color=\u00bbdark\u00bb text_align=\u00bbleft\u00bb row_border_radius=\u00bbnone\u00bb row_border_radius_applies=\u00bbbg\u00bb overflow=\u00bbvisible\u00bb overlay_strength=\u00bb0.3&#8243; gradient_direction=\u00bbleft_to_right\u00bb shape_divider_position=\u00bbbottom\u00bb bg_image_animation=\u00bbnone\u00bb gradient_type=\u00bbdefault\u00bb shape_type=\u00bb\u00bb][vc_column column_padding=\u00bbno-extra-padding\u00bb column_padding_tablet=\u00bbinherit\u00bb column_padding_phone=\u00bbinherit\u00bb column_padding_position=\u00bball\u00bb column_element_direction_desktop=\u00bbdefault\u00bb column_element_spacing=\u00bbdefault\u00bb desktop_text_alignment=\u00bbdefault\u00bb tablet_text_alignment=\u00bbdefault\u00bb&#8230;<\/p>\n","protected":false},"author":1,"featured_media":0,"parent":0,"menu_order":0,"comment_status":"closed","ping_status":"closed","template":"","meta":{"footnotes":""},"class_list":["post-5139","page","type-page","status-publish"],"yoast_head":"<!-- This site is optimized with the Yoast SEO plugin v20.8 - https:\/\/yoast.com\/wordpress\/plugins\/seo\/ -->\n<title>Estudio completo de Vastu Shastra presencial - Assovil<\/title>\n<meta name=\"robots\" content=\"index, follow, max-snippet:-1, max-image-preview:large, max-video-preview:-1\" \/>\n<link rel=\"canonical\" href=\"https:\/\/assovil.com\/es\/estudi-complet-de-vastu-shastra-presencial\/\" \/>\n<meta property=\"og:locale\" content=\"es_ES\" \/>\n<meta property=\"og:type\" content=\"article\" \/>\n<meta property=\"og:title\" content=\"Estudio completo de Vastu Shastra presencial - Assovil\" \/>\n<meta property=\"og:description\" content=\"[vc_row type=\u00bbin_container\u00bb full_screen_row_position=\u00bbmiddle\u00bb column_margin=\u00bbdefault\u00bb column_direction=\u00bbdefault\u00bb column_direction_tablet=\u00bbdefault\u00bb column_direction_phone=\u00bbdefault\u00bb scene_position=\u00bbcenter\u00bb top_padding=\u00bb50&#8243; constrain_group_1=\u00bbyes\u00bb bottom_padding=\u00bb50&#8243; text_color=\u00bbdark\u00bb text_align=\u00bbleft\u00bb row_border_radius=\u00bbnone\u00bb row_border_radius_applies=\u00bbbg\u00bb overflow=\u00bbvisible\u00bb overlay_strength=\u00bb0.3&#8243; gradient_direction=\u00bbleft_to_right\u00bb shape_divider_position=\u00bbbottom\u00bb bg_image_animation=\u00bbnone\u00bb gradient_type=\u00bbdefault\u00bb shape_type=\u00bb\u00bb][vc_column column_padding=\u00bbno-extra-padding\u00bb column_padding_tablet=\u00bbinherit\u00bb column_padding_phone=\u00bbinherit\u00bb column_padding_position=\u00bball\u00bb column_element_direction_desktop=\u00bbdefault\u00bb column_element_spacing=\u00bbdefault\u00bb desktop_text_alignment=\u00bbdefault\u00bb tablet_text_alignment=\u00bbdefault\u00bb...\" \/>\n<meta property=\"og:url\" content=\"https:\/\/assovil.com\/es\/estudi-complet-de-vastu-shastra-presencial\/\" \/>\n<meta property=\"og:site_name\" content=\"Assovil\" \/>\n<meta property=\"article:modified_time\" content=\"2023-06-07T07:13:15+00:00\" \/>\n<meta name=\"twitter:card\" content=\"summary_large_image\" \/>\n<meta name=\"twitter:label1\" content=\"Tiempo de lectura\" \/>\n\t<meta name=\"twitter:data1\" content=\"3 minutos\" \/>\n<script type=\"application\/ld+json\" class=\"yoast-schema-graph\">{\"@context\":\"https:\/\/schema.org\",\"@graph\":[{\"@type\":\"WebPage\",\"@id\":\"https:\/\/assovil.com\/es\/estudi-complet-de-vastu-shastra-presencial\/\",\"url\":\"https:\/\/assovil.com\/es\/estudi-complet-de-vastu-shastra-presencial\/\",\"name\":\"Estudio completo de Vastu Shastra presencial - Assovil\",\"isPartOf\":{\"@id\":\"https:\/\/assovil.com\/#website\"},\"datePublished\":\"2023-06-06T06:36:27+00:00\",\"dateModified\":\"2023-06-07T07:13:15+00:00\",\"breadcrumb\":{\"@id\":\"https:\/\/assovil.com\/es\/estudi-complet-de-vastu-shastra-presencial\/#breadcrumb\"},\"inLanguage\":\"es\",\"potentialAction\":[{\"@type\":\"ReadAction\",\"target\":[\"https:\/\/assovil.com\/es\/estudi-complet-de-vastu-shastra-presencial\/\"]}]},{\"@type\":\"BreadcrumbList\",\"@id\":\"https:\/\/assovil.com\/es\/estudi-complet-de-vastu-shastra-presencial\/#breadcrumb\",\"itemListElement\":[{\"@type\":\"ListItem\",\"position\":1,\"name\":\"Portada\",\"item\":\"http:\/\/assovil.com\/es\/\"},{\"@type\":\"ListItem\",\"position\":2,\"name\":\"Estudio completo de Vastu Shastra presencial\"}]},{\"@type\":\"WebSite\",\"@id\":\"https:\/\/assovil.com\/#website\",\"url\":\"https:\/\/assovil.com\/\",\"name\":\"Assovil\",\"description\":\"\",\"potentialAction\":[{\"@type\":\"SearchAction\",\"target\":{\"@type\":\"EntryPoint\",\"urlTemplate\":\"https:\/\/assovil.com\/?s={search_term_string}\"},\"query-input\":\"required name=search_term_string\"}],\"inLanguage\":\"es\"}]}<\/script>\n<!-- \/ Yoast SEO plugin. -->","yoast_head_json":{"title":"Estudio completo de Vastu Shastra presencial - Assovil","robots":{"index":"index","follow":"follow","max-snippet":"max-snippet:-1","max-image-preview":"max-image-preview:large","max-video-preview":"max-video-preview:-1"},"canonical":"https:\/\/assovil.com\/es\/estudi-complet-de-vastu-shastra-presencial\/","og_locale":"es_ES","og_type":"article","og_title":"Estudio completo de Vastu Shastra presencial - Assovil","og_description":"[vc_row type=\u00bbin_container\u00bb full_screen_row_position=\u00bbmiddle\u00bb column_margin=\u00bbdefault\u00bb column_direction=\u00bbdefault\u00bb column_direction_tablet=\u00bbdefault\u00bb column_direction_phone=\u00bbdefault\u00bb scene_position=\u00bbcenter\u00bb top_padding=\u00bb50&#8243; constrain_group_1=\u00bbyes\u00bb bottom_padding=\u00bb50&#8243; text_color=\u00bbdark\u00bb text_align=\u00bbleft\u00bb row_border_radius=\u00bbnone\u00bb row_border_radius_applies=\u00bbbg\u00bb overflow=\u00bbvisible\u00bb overlay_strength=\u00bb0.3&#8243; gradient_direction=\u00bbleft_to_right\u00bb shape_divider_position=\u00bbbottom\u00bb bg_image_animation=\u00bbnone\u00bb gradient_type=\u00bbdefault\u00bb shape_type=\u00bb\u00bb][vc_column column_padding=\u00bbno-extra-padding\u00bb column_padding_tablet=\u00bbinherit\u00bb column_padding_phone=\u00bbinherit\u00bb column_padding_position=\u00bball\u00bb column_element_direction_desktop=\u00bbdefault\u00bb column_element_spacing=\u00bbdefault\u00bb desktop_text_alignment=\u00bbdefault\u00bb tablet_text_alignment=\u00bbdefault\u00bb...","og_url":"https:\/\/assovil.com\/es\/estudi-complet-de-vastu-shastra-presencial\/","og_site_name":"Assovil","article_modified_time":"2023-06-07T07:13:15+00:00","twitter_card":"summary_large_image","twitter_misc":{"Tiempo de lectura":"3 minutos"},"schema":{"@context":"https:\/\/schema.org","@graph":[{"@type":"WebPage","@id":"https:\/\/assovil.com\/es\/estudi-complet-de-vastu-shastra-presencial\/","url":"https:\/\/assovil.com\/es\/estudi-complet-de-vastu-shastra-presencial\/","name":"Estudio completo de Vastu Shastra presencial - Assovil","isPartOf":{"@id":"https:\/\/assovil.com\/#website"},"datePublished":"2023-06-06T06:36:27+00:00","dateModified":"2023-06-07T07:13:15+00:00","breadcrumb":{"@id":"https:\/\/assovil.com\/es\/estudi-complet-de-vastu-shastra-presencial\/#breadcrumb"},"inLanguage":"es","potentialAction":[{"@type":"ReadAction","target":["https:\/\/assovil.com\/es\/estudi-complet-de-vastu-shastra-presencial\/"]}]},{"@type":"BreadcrumbList","@id":"https:\/\/assovil.com\/es\/estudi-complet-de-vastu-shastra-presencial\/#breadcrumb","itemListElement":[{"@type":"ListItem","position":1,"name":"Portada","item":"http:\/\/assovil.com\/es\/"},{"@type":"ListItem","position":2,"name":"Estudio completo de Vastu Shastra presencial"}]},{"@type":"WebSite","@id":"https:\/\/assovil.com\/#website","url":"https:\/\/assovil.com\/","name":"Assovil","description":"","potentialAction":[{"@type":"SearchAction","target":{"@type":"EntryPoint","urlTemplate":"https:\/\/assovil.com\/?s={search_term_string}"},"query-input":"required name=search_term_string"}],"inLanguage":"es"}]}},"_links":{"self":[{"href":"http:\/\/assovil.com\/es\/wp-json\/wp\/v2\/pages\/5139","targetHints":{"allow":["GET"]}}],"collection":[{"href":"http:\/\/assovil.com\/es\/wp-json\/wp\/v2\/pages"}],"about":[{"href":"http:\/\/assovil.com\/es\/wp-json\/wp\/v2\/types\/page"}],"author":[{"embeddable":true,"href":"http:\/\/assovil.com\/es\/wp-json\/wp\/v2\/users\/1"}],"replies":[{"embeddable":true,"href":"http:\/\/assovil.com\/es\/wp-json\/wp\/v2\/comments?post=5139"}],"version-history":[{"count":1,"href":"http:\/\/assovil.com\/es\/wp-json\/wp\/v2\/pages\/5139\/revisions"}],"predecessor-version":[{"id":5140,"href":"http:\/\/assovil.com\/es\/wp-json\/wp\/v2\/pages\/5139\/revisions\/5140"}],"wp:attachment":[{"href":"http:\/\/assovil.com\/es\/wp-json\/wp\/v2\/media?parent=5139"}],"curies":[{"name":"wp","href":"https:\/\/api.w.org\/{rel}","templated":true}]}}